{"id":603444,"date":"2025-03-05T03:55:58","date_gmt":"2025-03-05T02:55:58","guid":{"rendered":"https:\/\/shop.kustom.ch\/?post_type=product&#038;p=603444"},"modified":"2026-03-31T08:33:57","modified_gmt":"2026-03-31T07:33:57","slug":"handwerker-arbeitshose-mit-stretch-3","status":"publish","type":"product","link":"https:\/\/shop.kustom.ch\/fr\/produit\/handwerker-arbeitshose-mit-stretch-3\/","title":{"rendered":"Pantalon de travail d'artisan avec stretch"},"content":{"rendered":"<p>Pantalon de travail confortable et l\u00e9ger pour artisans, fabriqu\u00e9 dans un tissu stretch \u00e0 deux sens plus fin et dot\u00e9 d'empi\u00e8cements en stretch \u00e0 quatre sens qui offrent un confort ultime l\u00e0 o\u00f9 il est le plus n\u00e9cessaire. Le pantalon dispose de poches \u00e0 clous fixes, de poches de protection des genoux en CORDURA\u00ae stretch, de poches renforc\u00e9es pratiques, d'une poche m\u00e8tre, de poches frontales et d'une boucle pour porte-marteau sur le c\u00f4t\u00e9 gauche et le c\u00f4t\u00e9 droit. \u00c9galement disponible en mod\u00e8le femme 7132.<\/p>\n<p>FERMETURE : Bas de jambe avec renfort \u00e0 l'arri\u00e8re. D\u00c9TAILS : Poche amovible pour carte d'identit\u00e9. Boutons en m\u00e9tal. Porte-couteau avec bouton. Fermeture \u00e9clair en plastique \u00e0 l'entrejambe. Deux passants sur les c\u00f4t\u00e9s avec un bouton pour porte marteau. Anneau en D \u00e0 la taille. FONCTIONNALIT\u00c9 : Stretch 4 directions. Coupe normale. CARACT\u00c9RISTIQUES PRINCIPALES : Ferblantiers. EN 14004. REFLEX : D\u00e9tails r\u00e9fl\u00e9chissants sur la jambe. TISSU : Hommes. Gris. Poches \u00e0 clous. Artisanat. POCHES : Poche sur la jambe avec soufflet et rabat avec fermeture velcro et poche int\u00e9rieure pour t\u00e9l\u00e9phone portable en mesh. Poches arri\u00e8re renforc\u00e9es par un soufflet. Poches ext\u00e9rieures pour genouill\u00e8res. Poches \u00e0 clous - avec porte-outils et poche suppl\u00e9mentaire avec fermeture \u00e9clair. Poches lat\u00e9rales. Poche m\u00e8tre renforc\u00e9e avec porte couteau et poche stylo. INSTRUCTIONS DE LAVAGE : Ne pas blanchir. RENFORCEMENT : Poches \u00e0 clous renforc\u00e9es en CORDURA\u00ae. CERTIFICATION : EN 14404:2004+A1:2010 avec genouill\u00e8res 4027, 4057, 4058 et 4032.<\/p>\n<p>63% polyester, 33% coton, 4% \u00e9lastofin, serg\u00e9, stretch, 260 g\/m<\/p>","protected":false},"excerpt":{"rendered":"<p>Bequeme, leichte Handwerker Arbeitshose aus d\u00fcnnerem 2-Wege-Stretch-Material und mit Eins\u00e4tzen aus 4-Wege-Stretch, die ultimativen Komfort dort bieten, wo er am meisten ben\u00f6tigt wird. Die Hose verf\u00fcgt \u00fcber feste Nageltaschen, Knieprotektorentaschen mit CORDURA\u00ae-Stretch, praktische Taschen mit Verst\u00e4rkung, Zollstocktasche, Fronttaschen und je eine Schlaufe f\u00fcr Hammerhalter auf der linken und rechten Seite. Auch als Damenmodell 7132 erh\u00e4ltlich. [&hellip;]<\/p>\n","protected":false},"featured_media":0,"template":"","meta":[],"product_brand":[],"product_cat":[4185],"product_tag":[],"class_list":{"0":"post-603444","1":"product","2":"type-product","3":"status-publish","5":"product_cat-hosen","6":"pa_brand-blaklaeder","7":"pa_brand-type-workwear","8":"pa_filter-color-schwarz","10":"first","11":"instock","12":"sale","13":"taxable","14":"shipping-taxable","15":"purchasable","16":"product-type-variable","17":"add-to-wishlist-before_image"},"exclude_global_add_ons":[],"addons":[],"acf":[],"_links":{"self":[{"href":"https:\/\/shop.kustom.ch\/fr\/wp-json\/wp\/v2\/product\/603444"}],"collection":[{"href":"https:\/\/shop.kustom.ch\/fr\/wp-json\/wp\/v2\/product"}],"about":[{"href":"https:\/\/shop.kustom.ch\/fr\/wp-json\/wp\/v2\/types\/product"}],"wp:attachment":[{"href":"https:\/\/shop.kustom.ch\/fr\/wp-json\/wp\/v2\/media?parent=603444"}],"wp:term":[{"taxonomy":"product_brand","embeddable":true,"href":"https:\/\/shop.kustom.ch\/fr\/wp-json\/wp\/v2\/product_brand?post=603444"},{"taxonomy":"product_cat","embeddable":true,"href":"https:\/\/shop.kustom.ch\/fr\/wp-json\/wp\/v2\/product_cat?post=603444"},{"taxonomy":"product_tag","embeddable":true,"href":"https:\/\/shop.kustom.ch\/fr\/wp-json\/wp\/v2\/product_tag?post=603444"}],"curies":[{"name":"wp","href":"https:\/\/api.w.org\/{rel}","templated":true}]}}