{"id":603148,"date":"2025-03-05T03:50:53","date_gmt":"2025-03-05T02:50:53","guid":{"rendered":"https:\/\/shop.kustom.ch\/?post_type=product&#038;p=603148"},"modified":"2025-05-09T10:16:02","modified_gmt":"2025-05-09T09:16:02","slug":"ea-mixed-cotton-ladies-2","status":"publish","type":"product","link":"https:\/\/shop.kustom.ch\/fr\/produit\/ea-mixed-cotton-ladies-2\/","title":{"rendered":"EA Mixed cotton ladies"},"content":{"rendered":"<p>T-shirts styl\u00e9s, durables et faciles \u00e0 entretenir dans des tissus contenant un m\u00e9lange de coton et de polyester. Cela donne aux chemises des couleurs tr\u00e8s vives. Dans nos v\u00eatements avec propri\u00e9t\u00e9s \u00e9lastiques, le coton est m\u00e9lang\u00e9 \u00e0 l'\u00e9lasthanne. Mati\u00e8re : 80% coton 20% polyester<\/p>\n<p>TISSU : femmes. blanc<\/p>","protected":false},"excerpt":{"rendered":"<p>Stylish, durable and easy-care shirts in fabrics containing a blend of cotton and polyester. This gives them the shirts very nice color luster. In our garment with stretch properties are cotton mixed with elastane. Material: 80% cotton 20% polyester STOFF: Damen. weiss<\/p>","protected":false},"featured_media":0,"template":"","meta":[],"product_brand":[],"product_cat":[9874],"product_tag":[],"class_list":{"0":"post-603148","1":"product","2":"type-product","3":"status-publish","5":"product_cat-hemden","6":"pa_brand-blaklaeder","7":"pa_brand-type-workwear","8":"pa_filter-color-blau","9":"pa_filter-color-weiss","11":"first","12":"instock","13":"sale","14":"taxable","15":"shipping-taxable","16":"purchasable","17":"product-type-variable","18":"add-to-wishlist-before_image"},"exclude_global_add_ons":[],"addons":[],"acf":[],"_links":{"self":[{"href":"https:\/\/shop.kustom.ch\/fr\/wp-json\/wp\/v2\/product\/603148"}],"collection":[{"href":"https:\/\/shop.kustom.ch\/fr\/wp-json\/wp\/v2\/product"}],"about":[{"href":"https:\/\/shop.kustom.ch\/fr\/wp-json\/wp\/v2\/types\/product"}],"wp:attachment":[{"href":"https:\/\/shop.kustom.ch\/fr\/wp-json\/wp\/v2\/media?parent=603148"}],"wp:term":[{"taxonomy":"product_brand","embeddable":true,"href":"https:\/\/shop.kustom.ch\/fr\/wp-json\/wp\/v2\/product_brand?post=603148"},{"taxonomy":"product_cat","embeddable":true,"href":"https:\/\/shop.kustom.ch\/fr\/wp-json\/wp\/v2\/product_cat?post=603148"},{"taxonomy":"product_tag","embeddable":true,"href":"https:\/\/shop.kustom.ch\/fr\/wp-json\/wp\/v2\/product_tag?post=603148"}],"curies":[{"name":"wp","href":"https:\/\/api.w.org\/{rel}","templated":true}]}}