{"id":603089,"date":"2025-03-05T03:50:18","date_gmt":"2025-03-05T02:50:18","guid":{"rendered":"https:\/\/shop.kustom.ch\/?post_type=product&#038;p=603089"},"modified":"2025-05-09T10:17:27","modified_gmt":"2025-05-09T09:17:27","slug":"ernst-alexis-organic-ladies-fit","status":"publish","type":"product","link":"https:\/\/shop.kustom.ch\/fr\/produit\/ernst-alexis-organic-ladies-fit\/","title":{"rendered":"Ernst Alexis Organic Ladies fit"},"content":{"rendered":"<p>Le coton utilis\u00e9 dans la collection de chemises Organic d'Ernst Alexis est 100% produit de mani\u00e8re \u00e9cologique. Nos fournisseurs documentent la production du coton \u00e9cologique et effectuent en permanence des tests tout au long du processus de production, de la culture aux tissus pr\u00eats \u00e0 \u00eatre cousus. Des organismes d'inspection ind\u00e9pendants v\u00e9rifient que le processus de production respecte les lois et les r\u00e9glementations. Nous pensons que c'est une tr\u00e8s bonne fa\u00e7on de nous assurer que nous avons fait notre part de responsabilit\u00e9. Tous les t-shirts Ernst Alexis sont fabriqu\u00e9s dans des tissus certifi\u00e9s Oeko-Tex Standard 100.<\/p>","protected":false},"excerpt":{"rendered":"<p>The cotton used in Ernst Alexis shirt collection Organic is 100% ecologically produced. Our suppliers document the production of the ecological cotton and continuously run test during the production process all the way from cultivation to fabrics ready for sewing. Independent inspection organizations observe that the production process adheres to laws and regulations. We find [&hellip;]<\/p>\n","protected":false},"featured_media":0,"template":"","meta":[],"product_brand":[],"product_cat":[9874],"product_tag":[],"class_list":{"0":"post-603089","1":"product","2":"type-product","3":"status-publish","5":"product_cat-hemden","6":"pa_brand-blaklaeder","7":"pa_brand-type-workwear","8":"pa_filter-color-blau","9":"pa_filter-color-weiss","11":"first","12":"instock","13":"sale","14":"taxable","15":"shipping-taxable","16":"purchasable","17":"product-type-variable","18":"add-to-wishlist-before_image"},"exclude_global_add_ons":[],"addons":[],"acf":[],"_links":{"self":[{"href":"https:\/\/shop.kustom.ch\/fr\/wp-json\/wp\/v2\/product\/603089"}],"collection":[{"href":"https:\/\/shop.kustom.ch\/fr\/wp-json\/wp\/v2\/product"}],"about":[{"href":"https:\/\/shop.kustom.ch\/fr\/wp-json\/wp\/v2\/types\/product"}],"wp:attachment":[{"href":"https:\/\/shop.kustom.ch\/fr\/wp-json\/wp\/v2\/media?parent=603089"}],"wp:term":[{"taxonomy":"product_brand","embeddable":true,"href":"https:\/\/shop.kustom.ch\/fr\/wp-json\/wp\/v2\/product_brand?post=603089"},{"taxonomy":"product_cat","embeddable":true,"href":"https:\/\/shop.kustom.ch\/fr\/wp-json\/wp\/v2\/product_cat?post=603089"},{"taxonomy":"product_tag","embeddable":true,"href":"https:\/\/shop.kustom.ch\/fr\/wp-json\/wp\/v2\/product_tag?post=603089"}],"curies":[{"name":"wp","href":"https:\/\/api.w.org\/{rel}","templated":true}]}}