{"id":602838,"date":"2025-03-05T03:43:03","date_gmt":"2025-03-05T02:43:03","guid":{"rendered":"https:\/\/shop.kustom.ch\/?post_type=product&#038;p=602838"},"modified":"2025-05-09T10:23:02","modified_gmt":"2025-05-09T09:23:02","slug":"safety-spectacles-uvex-pheos-guard-9192","status":"publish","type":"product","link":"https:\/\/shop.kustom.ch\/fr\/produit\/safety-spectacles-uvex-pheos-guard-9192\/","title":{"rendered":"Spectacles de s\u00e9curit\u00e9 UVEX Pheos Guard 9192"},"content":{"rendered":"<p>. Lentille en polycarbonate . Une combinaison de lunettes de protection Pheos, d'un cadre d'\u00e9tanch\u00e9it\u00e9 suppl\u00e9mentaire et d'un bandeau \u00e9lastique. . Cadre d'\u00e9tanch\u00e9it\u00e9 confortable emp\u00eachant les \u00e9claboussures et les particules de p\u00e9n\u00e9trer. . Convient pour une utilisation dans un environnement humide. . Supravision Extreme a un traitement anti-bu\u00e9e permanent \u00e0 l'int\u00e9rieur et sont extr\u00eamement r\u00e9sistants aux rayures \u00e0 l'ext\u00e9rieur. Conforme aux normes EN 166, classe 1F et EN 170.<\/p>","protected":false},"excerpt":{"rendered":"<p>. Polycarbonate lens. . A combination of Pheos protective eyewear, extra sealing frame and elastic headband. . Comfortable sealing frame prevents splashes and particles from entering. . Suitable for use in a dusty environment. . Supravision Extreme has permanent anti-fog treatment on the inside and are extremely scratch-resistant on the outside. Complies with EN 166, [&hellip;]<\/p>\n","protected":false},"featured_media":0,"template":"","meta":[],"product_brand":[],"product_cat":[9643,4209],"product_tag":[],"class_list":{"0":"post-602838","1":"product","2":"type-product","3":"status-publish","5":"product_cat-equipment","6":"product_cat-zubehoer","7":"pa_brand-blaklaeder","8":"pa_brand-type-workwear","10":"first","11":"instock","12":"sale","13":"taxable","14":"shipping-taxable","15":"purchasable","16":"product-type-variable","17":"add-to-wishlist-before_image"},"exclude_global_add_ons":[],"addons":[],"acf":[],"_links":{"self":[{"href":"https:\/\/shop.kustom.ch\/fr\/wp-json\/wp\/v2\/product\/602838"}],"collection":[{"href":"https:\/\/shop.kustom.ch\/fr\/wp-json\/wp\/v2\/product"}],"about":[{"href":"https:\/\/shop.kustom.ch\/fr\/wp-json\/wp\/v2\/types\/product"}],"wp:attachment":[{"href":"https:\/\/shop.kustom.ch\/fr\/wp-json\/wp\/v2\/media?parent=602838"}],"wp:term":[{"taxonomy":"product_brand","embeddable":true,"href":"https:\/\/shop.kustom.ch\/fr\/wp-json\/wp\/v2\/product_brand?post=602838"},{"taxonomy":"product_cat","embeddable":true,"href":"https:\/\/shop.kustom.ch\/fr\/wp-json\/wp\/v2\/product_cat?post=602838"},{"taxonomy":"product_tag","embeddable":true,"href":"https:\/\/shop.kustom.ch\/fr\/wp-json\/wp\/v2\/product_tag?post=602838"}],"curies":[{"name":"wp","href":"https:\/\/api.w.org\/{rel}","templated":true}]}}