{"id":602693,"date":"2025-03-05T03:40:16","date_gmt":"2025-03-05T02:40:16","guid":{"rendered":"https:\/\/shop.kustom.ch\/?post_type=product&#038;p=602693"},"modified":"2025-05-09T10:20:33","modified_gmt":"2025-05-09T09:20:33","slug":"6101-cool-towel-pro-evaporative-cooling-towels","status":"publish","type":"product","link":"https:\/\/shop.kustom.ch\/fr\/produit\/6101-cool-towel-pro-evaporative-cooling-towels\/","title":{"rendered":"6101 Cool Towel Pro Serviettes de refroidissement par \u00e9vaporation"},"content":{"rendered":"<p>* Fabriqu\u00e9 \u00e0 partir d'un mat\u00e9riau PVA tr\u00e8s absorbant avec un design dimple * Restera hydrat\u00e9 pendant des heures et est facilement r\u00e9activ\u00e9 * L\u00e9ger, facile \u00e0 activer, et durable * Id\u00e9al pour ceux qui travaillent ou jouent \u00e0 l'ext\u00e9rieur * Taille : 305 x 711mm<\/p>\n<p>CARACTERISTIQUES PRINCIPALES : Unisexe. TISSU : bleu<\/p>","protected":false},"excerpt":{"rendered":"<p>* Made from highly absorbent PVA material with dimple design * Will remain hydrated for hours and is easily re-activated * Lightweight, easy to activate, and durable * Ideal for those working or playing outside * Size: 305 x 711mm HAUPTEIGENSCHAFTEN: Unisex. STOFF: blau<\/p>","protected":false},"featured_media":0,"template":"","meta":[],"product_brand":[],"product_cat":[9643,4209],"product_tag":[],"class_list":{"0":"post-602693","1":"product","2":"type-product","3":"status-publish","5":"product_cat-equipment","6":"product_cat-zubehoer","7":"pa_brand-blaklaeder","8":"pa_brand-type-workwear","9":"pa_filter-color-blau","11":"first","12":"instock","13":"sale","14":"taxable","15":"shipping-taxable","16":"purchasable","17":"product-type-variable","18":"add-to-wishlist-before_image"},"exclude_global_add_ons":[],"addons":[],"acf":[],"_links":{"self":[{"href":"https:\/\/shop.kustom.ch\/fr\/wp-json\/wp\/v2\/product\/602693"}],"collection":[{"href":"https:\/\/shop.kustom.ch\/fr\/wp-json\/wp\/v2\/product"}],"about":[{"href":"https:\/\/shop.kustom.ch\/fr\/wp-json\/wp\/v2\/types\/product"}],"wp:attachment":[{"href":"https:\/\/shop.kustom.ch\/fr\/wp-json\/wp\/v2\/media?parent=602693"}],"wp:term":[{"taxonomy":"product_brand","embeddable":true,"href":"https:\/\/shop.kustom.ch\/fr\/wp-json\/wp\/v2\/product_brand?post=602693"},{"taxonomy":"product_cat","embeddable":true,"href":"https:\/\/shop.kustom.ch\/fr\/wp-json\/wp\/v2\/product_cat?post=602693"},{"taxonomy":"product_tag","embeddable":true,"href":"https:\/\/shop.kustom.ch\/fr\/wp-json\/wp\/v2\/product_tag?post=602693"}],"curies":[{"name":"wp","href":"https:\/\/api.w.org\/{rel}","templated":true}]}}