{"id":602511,"date":"2025-03-05T03:36:32","date_gmt":"2025-03-05T02:36:32","guid":{"rendered":"https:\/\/shop.kustom.ch\/?post_type=product&#038;p=602511"},"modified":"2025-05-09T10:16:34","modified_gmt":"2025-05-09T09:16:34","slug":"ea-mixed-cotton-ladies","status":"publish","type":"product","link":"https:\/\/shop.kustom.ch\/fr\/produit\/ea-mixed-cotton-ladies\/","title":{"rendered":"EA Mixed Cotton Ladies"},"content":{"rendered":"<p>Babe, durable et facile \u00e0 entretenir les t-shirts dans des tissus contenant un m\u00e9lange de coton et de polyester. Cela donne aux chemises une tr\u00e8s belle brillance de couleur. Les v\u00eatements Ernst Alexis aux propri\u00e9t\u00e9s \u00e9lastiques sont en coton m\u00e9lang\u00e9 \u00e0 de l'\u00e9lasthanne.<\/p>\n<p>TISSU : femmes. blanc<\/p>","protected":false},"excerpt":{"rendered":"<p>Babe, durable and easy to maintain the shirts in fabrics containing a blend of cotton and polyester. This gives them the shirts very nice color brilliance. In Ernst Alexis garment with stretch properties are cotton mixed with elastane. STOFF: Damen. weiss<\/p>","protected":false},"featured_media":0,"template":"","meta":[],"product_brand":[],"product_cat":[9874],"product_tag":[],"class_list":{"0":"post-602511","1":"product","2":"type-product","3":"status-publish","5":"product_cat-hemden","6":"pa_brand-blaklaeder","7":"pa_brand-type-workwear","8":"pa_filter-color-blau","9":"pa_filter-color-weiss","11":"first","12":"instock","13":"sale","14":"taxable","15":"shipping-taxable","16":"purchasable","17":"product-type-variable","18":"add-to-wishlist-before_image"},"exclude_global_add_ons":[],"addons":[],"acf":[],"_links":{"self":[{"href":"https:\/\/shop.kustom.ch\/fr\/wp-json\/wp\/v2\/product\/602511"}],"collection":[{"href":"https:\/\/shop.kustom.ch\/fr\/wp-json\/wp\/v2\/product"}],"about":[{"href":"https:\/\/shop.kustom.ch\/fr\/wp-json\/wp\/v2\/types\/product"}],"wp:attachment":[{"href":"https:\/\/shop.kustom.ch\/fr\/wp-json\/wp\/v2\/media?parent=602511"}],"wp:term":[{"taxonomy":"product_brand","embeddable":true,"href":"https:\/\/shop.kustom.ch\/fr\/wp-json\/wp\/v2\/product_brand?post=602511"},{"taxonomy":"product_cat","embeddable":true,"href":"https:\/\/shop.kustom.ch\/fr\/wp-json\/wp\/v2\/product_cat?post=602511"},{"taxonomy":"product_tag","embeddable":true,"href":"https:\/\/shop.kustom.ch\/fr\/wp-json\/wp\/v2\/product_tag?post=602511"}],"curies":[{"name":"wp","href":"https:\/\/api.w.org\/{rel}","templated":true}]}}