{"id":602481,"date":"2025-03-05T03:35:52","date_gmt":"2025-03-05T02:35:52","guid":{"rendered":"https:\/\/shop.kustom.ch\/?post_type=product&#038;p=602481"},"modified":"2025-05-09T10:26:17","modified_gmt":"2025-05-09T09:26:17","slug":"apprentice-helmet-zekler-zone-mips","status":"publish","type":"product","link":"https:\/\/shop.kustom.ch\/fr\/produit\/apprentice-helmet-zekler-zone-mips\/","title":{"rendered":"Casque d'apprenti Zekler Zone Mips"},"content":{"rendered":"<p>Casque industriel innovant \u00e9quip\u00e9 de la technologie MIPS int\u00e9gr\u00e9e. MIPS est une couche de protection suppl\u00e9mentaire qui, en cas d'impact oblique, peut r\u00e9duire les forces nocives transmises au cerveau. En permettant \u00e0 la coque ext\u00e9rieure du casque de tourner de 10 \u00e0 15 mm dans toutes les directions par rapport \u00e0 la t\u00eate, le risque d'une force de rotation dangereuse transmise au cerveau dans certains impacts est r\u00e9duit.Smart click mounts for headlight, hearing protection, visor, visor cover and neck protector - no screws or adapters are required.12 Trous de ventilation pour un environnement de travail confortable.Design \u00e0 cliquet pour un r\u00e9glage facile de la taille, s'adapte \u00e0 XS-XXL (53-63 cm).Coque ext\u00e9rieure l\u00e9g\u00e8re en polypropyl\u00e8ne.Raccord int\u00e9rieur \u00e9largi en polypropyl\u00e8ne EPS pour un haut niveau de confort et une excellente r\u00e9sistance aux impacts.Rembourrage absorbant pour un grand confort, lavable ou rempla\u00e7able pour garder le casque frais.Sangle de menton \u00e0 quatre points sp\u00e9cialement con\u00e7ue pour s'adapter aux protections auditives, la sangle de menton est \u00e0 la fois lavable et interchangeable.Peut \u00eatre \u00e9quip\u00e9 d'un kit hi-vis personnalis\u00e9.Clips de lampe facilement remplac\u00e9s lorsque n\u00e9cessaire.Poids 419g.Conforme \u00e0 la norme EN 397.<\/p>\n<p>TISSU : rouge<\/p>","protected":false},"excerpt":{"rendered":"<p>Innovative industrial helmet equipped with integrated MIPS technology. MIPS is an additional layer of protection that, in case of oblique impacts, can reduce the harmful forces transmitted to the brain. By allowing the outer shell of the helmet to rotate 10-15 mm in all directions relative to the head, the risk of dangerous rotational force [&hellip;]<\/p>\n","protected":false},"featured_media":602524,"template":"","meta":[],"product_brand":[],"product_cat":[9643,4209],"product_tag":[],"class_list":{"0":"post-602481","1":"product","2":"type-product","3":"status-publish","4":"has-post-thumbnail","6":"product_cat-equipment","7":"product_cat-zubehoer","8":"pa_brand-blaklaeder","9":"pa_brand-type-workwear","10":"pa_filter-color-rot","12":"first","13":"instock","14":"sale","15":"taxable","16":"shipping-taxable","17":"purchasable","18":"product-type-variable","19":"add-to-wishlist-before_image"},"exclude_global_add_ons":[],"addons":[],"acf":[],"_links":{"self":[{"href":"https:\/\/shop.kustom.ch\/fr\/wp-json\/wp\/v2\/product\/602481"}],"collection":[{"href":"https:\/\/shop.kustom.ch\/fr\/wp-json\/wp\/v2\/product"}],"about":[{"href":"https:\/\/shop.kustom.ch\/fr\/wp-json\/wp\/v2\/types\/product"}],"wp:featuredmedia":[{"embeddable":true,"href":"https:\/\/shop.kustom.ch\/fr\/wp-json\/wp\/v2\/media\/602524"}],"wp:attachment":[{"href":"https:\/\/shop.kustom.ch\/fr\/wp-json\/wp\/v2\/media?parent=602481"}],"wp:term":[{"taxonomy":"product_brand","embeddable":true,"href":"https:\/\/shop.kustom.ch\/fr\/wp-json\/wp\/v2\/product_brand?post=602481"},{"taxonomy":"product_cat","embeddable":true,"href":"https:\/\/shop.kustom.ch\/fr\/wp-json\/wp\/v2\/product_cat?post=602481"},{"taxonomy":"product_tag","embeddable":true,"href":"https:\/\/shop.kustom.ch\/fr\/wp-json\/wp\/v2\/product_tag?post=602481"}],"curies":[{"name":"wp","href":"https:\/\/api.w.org\/{rel}","templated":true}]}}