{"id":602328,"date":"2025-03-05T03:28:56","date_gmt":"2025-03-05T02:28:56","guid":{"rendered":"https:\/\/shop.kustom.ch\/?post_type=product&#038;p=602328"},"modified":"2025-05-09T10:22:59","modified_gmt":"2025-05-09T09:22:59","slug":"chin-strap-3m-securefit-x5-s4ptcs2","status":"publish","type":"product","link":"https:\/\/shop.kustom.ch\/fr\/produit\/chin-strap-3m-securefit-x5-s4ptcs2\/","title":{"rendered":"Chin Strap 3M SecureFit X5-S4PTCS2"},"content":{"rendered":"<p>. Sangle \u00e0 la cheville r\u00e9glable en 4 points, con\u00e7ue pour un ajustement rapide et souple. La fonction de s\u00e9lection brevet\u00e9e permet de choisir entre les normes de s\u00e9curit\u00e9 EN397 ou EN12492. En option pour les casques de s\u00e9curit\u00e9 3MT SecureFitT de la s\u00e9rie X5000. Facile \u00e0 attacher, \u00e0 utiliser et \u00e0 r\u00e9gler<\/p>\n<p>TISSU : noir<\/p>","protected":false},"excerpt":{"rendered":"<p>. 4-point adjustable chin strap designed for a quick and smooth custom fit. Patented selector function allows you to switch between EN397 or EN12492 safety standards. Optional extra for 3MT SecureFitT Safety Helmet X5000 series. Easy to attach, use and adjust STOFF: schwarz<\/p>","protected":false},"featured_media":602394,"template":"","meta":[],"product_brand":[],"product_cat":[9643,4209],"product_tag":[],"class_list":{"0":"post-602328","1":"product","2":"type-product","3":"status-publish","4":"has-post-thumbnail","6":"product_cat-equipment","7":"product_cat-zubehoer","8":"pa_brand-blaklaeder","9":"pa_brand-type-workwear","10":"pa_filter-color-schwarz","12":"first","13":"instock","14":"sale","15":"taxable","16":"shipping-taxable","17":"purchasable","18":"product-type-variable","19":"add-to-wishlist-before_image"},"exclude_global_add_ons":[],"addons":[],"acf":[],"_links":{"self":[{"href":"https:\/\/shop.kustom.ch\/fr\/wp-json\/wp\/v2\/product\/602328"}],"collection":[{"href":"https:\/\/shop.kustom.ch\/fr\/wp-json\/wp\/v2\/product"}],"about":[{"href":"https:\/\/shop.kustom.ch\/fr\/wp-json\/wp\/v2\/types\/product"}],"wp:featuredmedia":[{"embeddable":true,"href":"https:\/\/shop.kustom.ch\/fr\/wp-json\/wp\/v2\/media\/602394"}],"wp:attachment":[{"href":"https:\/\/shop.kustom.ch\/fr\/wp-json\/wp\/v2\/media?parent=602328"}],"wp:term":[{"taxonomy":"product_brand","embeddable":true,"href":"https:\/\/shop.kustom.ch\/fr\/wp-json\/wp\/v2\/product_brand?post=602328"},{"taxonomy":"product_cat","embeddable":true,"href":"https:\/\/shop.kustom.ch\/fr\/wp-json\/wp\/v2\/product_cat?post=602328"},{"taxonomy":"product_tag","embeddable":true,"href":"https:\/\/shop.kustom.ch\/fr\/wp-json\/wp\/v2\/product_tag?post=602328"}],"curies":[{"name":"wp","href":"https:\/\/api.w.org\/{rel}","templated":true}]}}