{"id":602325,"date":"2025-03-05T03:28:56","date_gmt":"2025-03-05T02:28:56","guid":{"rendered":"https:\/\/shop.kustom.ch\/?post_type=product&#038;p=602325"},"modified":"2025-05-09T10:24:11","modified_gmt":"2025-05-09T09:24:11","slug":"safety-helmet-peltor-g3000-with-uv-indicator-with-wheel-adjustment","status":"publish","type":"product","link":"https:\/\/shop.kustom.ch\/fr\/produit\/safety-helmet-peltor-g3000-with-uv-indicator-with-wheel-adjustment\/","title":{"rendered":"Casque de s\u00e9curit\u00e9 Peltor G3000 avec indicateur d'UV et r\u00e9glage de la molette"},"content":{"rendered":"<p>Classe de protection la plus \u00e9lev\u00e9e, c.-\u00e0-d. jusqu'\u00e0 -30C, grande stabilit\u00e9 et protection contre les m\u00e9taux fondus (MM).Mat\u00e9riau : plastique ABS stabilis\u00e9 aux UV et r\u00e9sistant aux impacts.Pas de bords tranchants ou de d\u00e9tails projet\u00e9s. R\u00e9duit le risque d'accrochage de n'importe quelle partie du casque dans les branches, etc.Am\u00e9lioration de la ventilation. Plus de trous de ventilation r\u00e9partis sur une plus grande surface pour une meilleure circulation de l'air.pic plus court. \u00c9l\u00e9ments int\u00e9rieurs r\u00e9glables verticalement pour une s\u00e9curit\u00e9 maximale et une adaptation individuelle.\u00c9l\u00e9ments int\u00e9rieurs r\u00e9versibles. Un grand avantage pour l'escalade et le travail dans des zones confin\u00e9es, les inspections, etc.G3000 peut \u00eatre \u00e9quip\u00e9 de la gamme de visi\u00e8res Peltor, d'une protection des oreilles avec la fixation pour casque P3E, d'un harnais GH1 et d'une protection contre la pluie.G3000 est \u00e9quip\u00e9 de l'indicateur de pluie Peltor qui signale les rayons UV et indique quand il est temps de remplacer le casque. L'indicateur circulaire est rouge sur un casque neuf, et s'estompe progressivement \u00e0 mesure qu'il est utilis\u00e9 \u00e0 l'ext\u00e9rieur. Le casque doit \u00eatre remplac\u00e9 d\u00e8s que l'indicateur de pluie a compl\u00e8tement disparu.Taille 54-62.Poids 315 g (357 g avec r\u00e9glage par bouton)Fourni sans sangle de maintien.Casque d'apprentissage rouge, avec une bande ext\u00e9rieure blanche.Conforme \u00e0 la norme EN 397.Lunettes de protection conformes \u00e0 la norme EN 166, classe 1F.<\/p>\n<p>TISSU : blanc<\/p>","protected":false},"excerpt":{"rendered":"<p>Highest protection class, i.e. down to -30C, high stability and molten metal protection (MM).Material: UV stabilised, high impact resistant ABS plastic.No sharp edges or projecting details. Reduces the risk for any part of the helmet fastening in branches, etc.Improved ventilation. More ventilation holes distributed over a larger surface area provide improved air circulation.Shorter peak. Provides [&hellip;]<\/p>\n","protected":false},"featured_media":602393,"template":"","meta":[],"product_brand":[],"product_cat":[9643,4209],"product_tag":[],"class_list":{"0":"post-602325","1":"product","2":"type-product","3":"status-publish","4":"has-post-thumbnail","6":"product_cat-equipment","7":"product_cat-zubehoer","8":"pa_brand-blaklaeder","9":"pa_brand-type-workwear","10":"pa_filter-color-weiss","12":"first","13":"instock","14":"sale","15":"taxable","16":"shipping-taxable","17":"purchasable","18":"product-type-variable","19":"add-to-wishlist-before_image"},"exclude_global_add_ons":[],"addons":[],"acf":[],"_links":{"self":[{"href":"https:\/\/shop.kustom.ch\/fr\/wp-json\/wp\/v2\/product\/602325"}],"collection":[{"href":"https:\/\/shop.kustom.ch\/fr\/wp-json\/wp\/v2\/product"}],"about":[{"href":"https:\/\/shop.kustom.ch\/fr\/wp-json\/wp\/v2\/types\/product"}],"wp:featuredmedia":[{"embeddable":true,"href":"https:\/\/shop.kustom.ch\/fr\/wp-json\/wp\/v2\/media\/602393"}],"wp:attachment":[{"href":"https:\/\/shop.kustom.ch\/fr\/wp-json\/wp\/v2\/media?parent=602325"}],"wp:term":[{"taxonomy":"product_brand","embeddable":true,"href":"https:\/\/shop.kustom.ch\/fr\/wp-json\/wp\/v2\/product_brand?post=602325"},{"taxonomy":"product_cat","embeddable":true,"href":"https:\/\/shop.kustom.ch\/fr\/wp-json\/wp\/v2\/product_cat?post=602325"},{"taxonomy":"product_tag","embeddable":true,"href":"https:\/\/shop.kustom.ch\/fr\/wp-json\/wp\/v2\/product_tag?post=602325"}],"curies":[{"name":"wp","href":"https:\/\/api.w.org\/{rel}","templated":true}]}}