{"id":602313,"date":"2025-03-05T03:28:22","date_gmt":"2025-03-05T02:28:22","guid":{"rendered":"https:\/\/shop.kustom.ch\/?post_type=product&#038;p=602313"},"modified":"2025-06-25T09:24:14","modified_gmt":"2025-06-25T08:24:14","slug":"safety-helmet-3m-securefit-x5000ve-ce","status":"publish","type":"product","link":"https:\/\/shop.kustom.ch\/fr\/produit\/safety-helmet-3m-securefit-x5000ve-ce\/","title":{"rendered":"Casque de s\u00e9curit\u00e9 3M Securefit X5000VE-CE"},"content":{"rendered":"<p>Le casque de s\u00e9curit\u00e9 3M SecureFit X5001V-CE est un casque de s\u00e9curit\u00e9 ventil\u00e9 \u00e0 double application. Il est \u00e9galement conforme \u00e0 la norme EN50365 1000 VAC.Protection s\u00fbre et confortable de la t\u00eate lors du travail en hauteur ou de l'ex\u00e9cution d'autres travaux industriels dangereux.La suspension du casque est particuli\u00e8rement flexible gr\u00e2ce \u00e0 la technologie brevet\u00e9e de diffusion de pression de 3M.Le syst\u00e8me de s\u00e9lection de la sangle \u00e0 quatre points est unique \u00e0 3M et permet \u00e0 l'utilisateur de passer du casque d'escalade standard (EN 12492) au casque de s\u00e9curit\u00e9 industriel (EN 397).La suspension \u00e0 cliquet \u00e0 six points permet \u00e0 l'utilisateur de r\u00e9gler la hauteur et la forme avec plusieurs niveaux de r\u00e9glage vertical.Inspir\u00e9 des casques d'escalade avec un design sans couture pour vous donner une vue claire vers le haut.Le casque a des fentes d'accessoires et des clips compatibles avec une vari\u00e9t\u00e9 de protections faciales 3M, des manchons et d'autres accessoires.L'indicateur UV propri\u00e9taire permet au porteur de savoir quand remplacer le casque en raison de l'exposition aux UV.Approuv\u00e9 pour la d\u00e9formation lat\u00e9rale.Certifi\u00e9 conforme aux normes EN 12492 ou EN 397 (selon la configuration du chinstrap) et EN50365 1000 VAC.<\/p>\n<p>TISSU : blanc<\/p>","protected":false},"excerpt":{"rendered":"<p>The 3M SecureFit X5001V-CE Safety Helmet is a ventilated dual-approved safety helmet. It also complies with EN50365 1000 VAC.Safe, comfortable head protection when working at heights or performing other hazardous industrial work.The helmet suspension is especially flexible thanks to 3M&#8217;s patented Pressure Diffusion technology.The four-point chinstrap selector system is unique to 3M, allowing the user [&hellip;]<\/p>\n","protected":false},"featured_media":602382,"template":"","meta":[],"product_brand":[],"product_cat":[9643,4209],"product_tag":[],"class_list":{"0":"post-602313","1":"product","2":"type-product","3":"status-publish","4":"has-post-thumbnail","6":"product_cat-equipment","7":"product_cat-zubehoer","8":"pa_brand-blaklaeder","9":"pa_brand-type-workwear","10":"pa_filter-color-blau","11":"pa_filter-color-gelb","12":"pa_filter-color-gruen","13":"pa_filter-color-orange","14":"pa_filter-color-rot","15":"pa_filter-color-weiss","17":"first","18":"instock","19":"sale","20":"taxable","21":"shipping-taxable","22":"purchasable","23":"product-type-variable","24":"add-to-wishlist-before_image"},"exclude_global_add_ons":[],"addons":[],"acf":[],"_links":{"self":[{"href":"https:\/\/shop.kustom.ch\/fr\/wp-json\/wp\/v2\/product\/602313"}],"collection":[{"href":"https:\/\/shop.kustom.ch\/fr\/wp-json\/wp\/v2\/product"}],"about":[{"href":"https:\/\/shop.kustom.ch\/fr\/wp-json\/wp\/v2\/types\/product"}],"wp:featuredmedia":[{"embeddable":true,"href":"https:\/\/shop.kustom.ch\/fr\/wp-json\/wp\/v2\/media\/602382"}],"wp:attachment":[{"href":"https:\/\/shop.kustom.ch\/fr\/wp-json\/wp\/v2\/media?parent=602313"}],"wp:term":[{"taxonomy":"product_brand","embeddable":true,"href":"https:\/\/shop.kustom.ch\/fr\/wp-json\/wp\/v2\/product_brand?post=602313"},{"taxonomy":"product_cat","embeddable":true,"href":"https:\/\/shop.kustom.ch\/fr\/wp-json\/wp\/v2\/product_cat?post=602313"},{"taxonomy":"product_tag","embeddable":true,"href":"https:\/\/shop.kustom.ch\/fr\/wp-json\/wp\/v2\/product_tag?post=602313"}],"curies":[{"name":"wp","href":"https:\/\/api.w.org\/{rel}","templated":true}]}}