{"id":602301,"date":"2025-03-05T03:27:50","date_gmt":"2025-03-05T02:27:50","guid":{"rendered":"https:\/\/shop.kustom.ch\/?post_type=product&#038;p=602301"},"modified":"2025-05-09T10:23:11","modified_gmt":"2025-05-09T09:23:11","slug":"3mt-short-visor-x5-sv01-ce","status":"publish","type":"product","link":"https:\/\/shop.kustom.ch\/fr\/produit\/3mt-short-visor-x5-sv01-ce\/","title":{"rendered":"Visi\u00e8re courte 3MT X5-SV01-CE"},"content":{"rendered":"<p>La visi\u00e8re courte 3MT X5-SV01-CE est moul\u00e9e en polycarbonate et poss\u00e8de un rev\u00eatement anti-bu\u00e9e et anti-rayures. Notre visi\u00e8re claire est con\u00e7ue pour s'adapter aux casques de s\u00e9curit\u00e9 3MT SecureFitT des s\u00e9ries X5000 et X5500 et est livr\u00e9e en paquets de dix.<\/p>","protected":false},"excerpt":{"rendered":"<p>La visi\u00e8re courte 3MT X5-SV01-CE est moul\u00e9e en polycarbonate et poss\u00e8de un rev\u00eatement anti-bu\u00e9e et anti-rayures. Notre visi\u00e8re claire est con\u00e7ue pour s'adapter aux casques de s\u00e9curit\u00e9 3MT SecureFitT des s\u00e9ries X5000 et X5500 et est livr\u00e9e en paquets de dix.<\/p>","protected":false},"featured_media":602359,"template":"","meta":[],"product_brand":[],"product_cat":[9643,4209],"product_tag":[],"class_list":{"0":"post-602301","1":"product","2":"type-product","3":"status-publish","4":"has-post-thumbnail","6":"product_cat-equipment","7":"product_cat-zubehoer","8":"pa_brand-blaklaeder","9":"pa_brand-type-workwear","11":"first","12":"instock","13":"sale","14":"taxable","15":"shipping-taxable","16":"purchasable","17":"product-type-variable","18":"add-to-wishlist-before_image"},"exclude_global_add_ons":[],"addons":[],"acf":[],"_links":{"self":[{"href":"https:\/\/shop.kustom.ch\/fr\/wp-json\/wp\/v2\/product\/602301"}],"collection":[{"href":"https:\/\/shop.kustom.ch\/fr\/wp-json\/wp\/v2\/product"}],"about":[{"href":"https:\/\/shop.kustom.ch\/fr\/wp-json\/wp\/v2\/types\/product"}],"wp:featuredmedia":[{"embeddable":true,"href":"https:\/\/shop.kustom.ch\/fr\/wp-json\/wp\/v2\/media\/602359"}],"wp:attachment":[{"href":"https:\/\/shop.kustom.ch\/fr\/wp-json\/wp\/v2\/media?parent=602301"}],"wp:term":[{"taxonomy":"product_brand","embeddable":true,"href":"https:\/\/shop.kustom.ch\/fr\/wp-json\/wp\/v2\/product_brand?post=602301"},{"taxonomy":"product_cat","embeddable":true,"href":"https:\/\/shop.kustom.ch\/fr\/wp-json\/wp\/v2\/product_cat?post=602301"},{"taxonomy":"product_tag","embeddable":true,"href":"https:\/\/shop.kustom.ch\/fr\/wp-json\/wp\/v2\/product_tag?post=602301"}],"curies":[{"name":"wp","href":"https:\/\/api.w.org\/{rel}","templated":true}]}}