{"id":602299,"date":"2025-03-05T03:27:50","date_gmt":"2025-03-05T02:27:50","guid":{"rendered":"https:\/\/shop.kustom.ch\/?post_type=product&#038;p=602299"},"modified":"2025-05-09T10:15:10","modified_gmt":"2025-05-09T09:15:10","slug":"peltor-ear-protection-x1-a","status":"publish","type":"product","link":"https:\/\/shop.kustom.ch\/fr\/produit\/peltor-ear-protection-x1-a\/","title":{"rendered":"Peltor ear protection X1-A"},"content":{"rendered":"<p>Bandeau pour la t\u00eate. Capuchons \u00e9l\u00e9gants et l\u00e9gers qui r\u00e9pondent \u00e0 la plupart des exigences en mati\u00e8re d'att\u00e9nuation. SNR est de 27 dB. Peltor X Series a un code couleur logique : X1 est vert pour indiquer le premier niveau d'att\u00e9nuation dans la gamme de produits. Conforme \u00e0 la directive PPE 89\/686 \/ CEE et aux sections applicables de la norme europ\u00e9enne EN 352.<\/p>\n<p>VALEURS D'AMORTISSEMENT : H=32 db, M=24 db, L=16 db. POIDS : 184 g. CLASSE DE PROTECTION : Directive PPE 89\/686\/EEC. CERTIFICATION : EN 352<\/p>","protected":false},"excerpt":{"rendered":"<p>Headband. Sleek, lightweight hoods that meet most requirements regarding attenuation. SNR is 27 dB. Peltor X Series has a logical color coding: X1 is green to indicate first level attenuation within the product line. Complies with PPE directive 89\/686 \/ EEC and applicable sections of European Standard EN 352. D\u00c4MPFUNGSWERTE: H=32 db, M=24 db, L=16 [&hellip;]<\/p>\n","protected":false},"featured_media":0,"template":"","meta":[],"product_brand":[],"product_cat":[9643,4209],"product_tag":[],"class_list":{"0":"post-602299","1":"product","2":"type-product","3":"status-publish","5":"product_cat-equipment","6":"product_cat-zubehoer","7":"pa_brand-blaklaeder","8":"pa_brand-type-workwear","9":"pa_filter-color-gruen","10":"pa_filter-color-schwarz","12":"first","13":"instock","14":"sale","15":"taxable","16":"shipping-taxable","17":"purchasable","18":"product-type-variable","19":"add-to-wishlist-before_image"},"exclude_global_add_ons":[],"addons":[],"acf":[],"_links":{"self":[{"href":"https:\/\/shop.kustom.ch\/fr\/wp-json\/wp\/v2\/product\/602299"}],"collection":[{"href":"https:\/\/shop.kustom.ch\/fr\/wp-json\/wp\/v2\/product"}],"about":[{"href":"https:\/\/shop.kustom.ch\/fr\/wp-json\/wp\/v2\/types\/product"}],"wp:attachment":[{"href":"https:\/\/shop.kustom.ch\/fr\/wp-json\/wp\/v2\/media?parent=602299"}],"wp:term":[{"taxonomy":"product_brand","embeddable":true,"href":"https:\/\/shop.kustom.ch\/fr\/wp-json\/wp\/v2\/product_brand?post=602299"},{"taxonomy":"product_cat","embeddable":true,"href":"https:\/\/shop.kustom.ch\/fr\/wp-json\/wp\/v2\/product_cat?post=602299"},{"taxonomy":"product_tag","embeddable":true,"href":"https:\/\/shop.kustom.ch\/fr\/wp-json\/wp\/v2\/product_tag?post=602299"}],"curies":[{"name":"wp","href":"https:\/\/api.w.org\/{rel}","templated":true}]}}