{"id":602289,"date":"2025-03-05T03:27:47","date_gmt":"2025-03-05T02:27:47","guid":{"rendered":"https:\/\/shop.kustom.ch\/?post_type=product&#038;p=602289"},"modified":"2025-05-09T10:26:31","modified_gmt":"2025-05-09T09:26:31","slug":"safety-goggles-uvex-9169081-super-otg","status":"publish","type":"product","link":"https:\/\/shop.kustom.ch\/fr\/produit\/safety-goggles-uvex-9169081-super-otg\/","title":{"rendered":"Lunettes de s\u00e9curit\u00e9 Uvex 9169081 Super OTG"},"content":{"rendered":"<p>Lunettes de protection destin\u00e9es \u00e0 \u00eatre port\u00e9es sur des lunettes de vue existantes.Lentilles en polycarbonate.Pi\u00e8ces lat\u00e9rales souples sans charni\u00e8res.Peuvent \u00eatre port\u00e9es sur des lunettes de vue ordinaires.L'int\u00e9rieur et l'ext\u00e9rieur sont tous deux tr\u00e8s r\u00e9sistants aux rayures.Bonne r\u00e9sistance aux produits chimiques.Conforme \u00e0 la norme EN 166, classe 1F.<\/p>\n<p>TISSU : gris<\/p>","protected":false},"excerpt":{"rendered":"<p>Protective eyewear intended to be worn over existing eyeglasses.Polycarbonate lenses.Flexible sidepieces without hinges.Can be worn over regular eye glasses.Inside and outside are both highly scratch resistant.Good resistance to chemicals.Compliant with EN 166, class 1F. STOFF: grau<\/p>","protected":false},"featured_media":602352,"template":"","meta":[],"product_brand":[],"product_cat":[9643,4209],"product_tag":[],"class_list":{"0":"post-602289","1":"product","2":"type-product","3":"status-publish","4":"has-post-thumbnail","6":"product_cat-equipment","7":"product_cat-zubehoer","8":"pa_brand-blaklaeder","9":"pa_brand-type-workwear","10":"pa_filter-color-grau","12":"first","13":"instock","14":"sale","15":"taxable","16":"shipping-taxable","17":"purchasable","18":"product-type-variable","19":"add-to-wishlist-before_image"},"exclude_global_add_ons":[],"addons":[],"acf":[],"_links":{"self":[{"href":"https:\/\/shop.kustom.ch\/fr\/wp-json\/wp\/v2\/product\/602289"}],"collection":[{"href":"https:\/\/shop.kustom.ch\/fr\/wp-json\/wp\/v2\/product"}],"about":[{"href":"https:\/\/shop.kustom.ch\/fr\/wp-json\/wp\/v2\/types\/product"}],"wp:featuredmedia":[{"embeddable":true,"href":"https:\/\/shop.kustom.ch\/fr\/wp-json\/wp\/v2\/media\/602352"}],"wp:attachment":[{"href":"https:\/\/shop.kustom.ch\/fr\/wp-json\/wp\/v2\/media?parent=602289"}],"wp:term":[{"taxonomy":"product_brand","embeddable":true,"href":"https:\/\/shop.kustom.ch\/fr\/wp-json\/wp\/v2\/product_brand?post=602289"},{"taxonomy":"product_cat","embeddable":true,"href":"https:\/\/shop.kustom.ch\/fr\/wp-json\/wp\/v2\/product_cat?post=602289"},{"taxonomy":"product_tag","embeddable":true,"href":"https:\/\/shop.kustom.ch\/fr\/wp-json\/wp\/v2\/product_tag?post=602289"}],"curies":[{"name":"wp","href":"https:\/\/api.w.org\/{rel}","templated":true}]}}