{"id":602288,"date":"2025-03-05T03:27:47","date_gmt":"2025-03-05T02:27:47","guid":{"rendered":"https:\/\/shop.kustom.ch\/?post_type=product&#038;p=602288"},"modified":"2025-05-09T10:17:35","modified_gmt":"2025-05-09T09:17:35","slug":"cederroth-burn-gel-dressing-901900","status":"publish","type":"product","link":"https:\/\/shop.kustom.ch\/fr\/produit\/cederroth-burn-gel-dressing-901900\/","title":{"rendered":"Cederroth Burn Gel Vinaigrette 901900"},"content":{"rendered":"<p>Cederroth Burn Gel procure un refroidissement rapide et un soulagement efficace de la douleur en cas de br\u00fblures. Le froid r\u00e9duit la douleur et les gonflements et emp\u00eache la blessure de p\u00e9n\u00e9trer plus profond\u00e9ment dans la peau. Cederroth Burn Gel Spray and Dressing refroidit aussi efficacement que l'eau et acc\u00e9l\u00e8re ainsi le processus de gu\u00e9rison.10\u00d710 cm dressing, 2pack, water-based (&gt;96% water) gel without Tee Tree Oil. . Refroidissement rapide et soulagement rapide de la douleur. Soluble dans l'eau<\/p>\n<p>CARACT\u00c9RISTIQUES PRINCIPALES : Unisexe. TISSU : vert<\/p>","protected":false},"excerpt":{"rendered":"<p>Cederroth Burn Gel provides rapid cooling and effective pain relief for burns. The cold reduces the, pain and swelling and prevents the injury from penetrating the skin deeper. Cederroth Burn Gel Spray and Dressing cool as effectively as water and thus speed up the healing process.10\u00d710 cm dressing, 2-pack, water-based (&gt;96% water) gel without Tee [&hellip;]<\/p>\n","protected":false},"featured_media":0,"template":"","meta":[],"product_brand":[],"product_cat":[9643,4209],"product_tag":[],"class_list":{"0":"post-602288","1":"product","2":"type-product","3":"status-publish","5":"product_cat-equipment","6":"product_cat-zubehoer","7":"pa_brand-blaklaeder","8":"pa_brand-type-workwear","9":"pa_filter-color-gruen","11":"first","12":"instock","13":"sale","14":"taxable","15":"shipping-taxable","16":"purchasable","17":"product-type-variable","18":"add-to-wishlist-before_image"},"exclude_global_add_ons":[],"addons":[],"acf":[],"_links":{"self":[{"href":"https:\/\/shop.kustom.ch\/fr\/wp-json\/wp\/v2\/product\/602288"}],"collection":[{"href":"https:\/\/shop.kustom.ch\/fr\/wp-json\/wp\/v2\/product"}],"about":[{"href":"https:\/\/shop.kustom.ch\/fr\/wp-json\/wp\/v2\/types\/product"}],"wp:attachment":[{"href":"https:\/\/shop.kustom.ch\/fr\/wp-json\/wp\/v2\/media?parent=602288"}],"wp:term":[{"taxonomy":"product_brand","embeddable":true,"href":"https:\/\/shop.kustom.ch\/fr\/wp-json\/wp\/v2\/product_brand?post=602288"},{"taxonomy":"product_cat","embeddable":true,"href":"https:\/\/shop.kustom.ch\/fr\/wp-json\/wp\/v2\/product_cat?post=602288"},{"taxonomy":"product_tag","embeddable":true,"href":"https:\/\/shop.kustom.ch\/fr\/wp-json\/wp\/v2\/product_tag?post=602288"}],"curies":[{"name":"wp","href":"https:\/\/api.w.org\/{rel}","templated":true}]}}