{"id":602272,"date":"2025-03-05T03:27:13","date_gmt":"2025-03-05T02:27:13","guid":{"rendered":"https:\/\/shop.kustom.ch\/?post_type=product&#038;p=602272"},"modified":"2025-04-29T03:48:31","modified_gmt":"2025-04-29T02:48:31","slug":"9848","status":"publish","type":"product","link":"https:\/\/shop.kustom.ch\/fr\/produit\/9848\/","title":{"rendered":"9848"},"content":{"rendered":"<p>ACTIVIT\u00c9S PRINCIPALES : B\u00fbcheron. FITTINGS INTERIEURS : Modifiables. TISSU : Orange haute visibilit\u00e9<\/p>","protected":false},"excerpt":{"rendered":"<p>ACTIVIT\u00c9S PRINCIPALES : B\u00fbcheron. FITTINGS INTERIEURS : Modifiables. TISSU : Orange haute visibilit\u00e9<\/p>","protected":false},"featured_media":0,"template":"","meta":[],"product_brand":[],"product_cat":[9643,4209],"product_tag":[],"class_list":{"0":"post-602272","1":"product","2":"type-product","3":"status-publish","5":"product_cat-equipment","6":"product_cat-zubehoer","7":"pa_brand-blaklaeder","8":"pa_brand-type-workwear","9":"pa_filter-color-orange","11":"first","12":"instock","13":"sale","14":"taxable","15":"shipping-taxable","16":"purchasable","17":"product-type-variable","18":"add-to-wishlist-before_image"},"exclude_global_add_ons":[],"addons":[],"acf":[],"_links":{"self":[{"href":"https:\/\/shop.kustom.ch\/fr\/wp-json\/wp\/v2\/product\/602272"}],"collection":[{"href":"https:\/\/shop.kustom.ch\/fr\/wp-json\/wp\/v2\/product"}],"about":[{"href":"https:\/\/shop.kustom.ch\/fr\/wp-json\/wp\/v2\/types\/product"}],"wp:attachment":[{"href":"https:\/\/shop.kustom.ch\/fr\/wp-json\/wp\/v2\/media?parent=602272"}],"wp:term":[{"taxonomy":"product_brand","embeddable":true,"href":"https:\/\/shop.kustom.ch\/fr\/wp-json\/wp\/v2\/product_brand?post=602272"},{"taxonomy":"product_cat","embeddable":true,"href":"https:\/\/shop.kustom.ch\/fr\/wp-json\/wp\/v2\/product_cat?post=602272"},{"taxonomy":"product_tag","embeddable":true,"href":"https:\/\/shop.kustom.ch\/fr\/wp-json\/wp\/v2\/product_tag?post=602272"}],"curies":[{"name":"wp","href":"https:\/\/api.w.org\/{rel}","templated":true}]}}