{"id":602259,"date":"2025-03-05T03:26:27","date_gmt":"2025-03-05T02:26:27","guid":{"rendered":"https:\/\/shop.kustom.ch\/?post_type=product&#038;p=602259"},"modified":"2025-05-09T10:15:36","modified_gmt":"2025-05-09T09:15:36","slug":"cederroth-first-aid-kit-large","status":"publish","type":"product","link":"https:\/\/shop.kustom.ch\/fr\/produit\/cederroth-first-aid-kit-large\/","title":{"rendered":"Cederroth First Aid-kit Large"},"content":{"rendered":"<p>Kit de premiers secours bien \u00e9quip\u00e9 dans un mat\u00e9riau \u00e9pais et durable pour le prot\u00e9ger de la poussi\u00e8re et de l'humidit\u00e9. Poign\u00e9e avec grip. Poches en plastique transparent pour un contenu transparent. Espace pour une option personnelle. Content - First Aid instructions 077102507 1 Respirator 2596 (protection package) 077102507 2 pairs of gloves 2596 (protection package) 077102507 2 Safety Hand Cleanser 2596 (protection package) 077190344 1 1892 Filter Rescue 077190346 1 270 002 Scissors 077100600 3 Cederroth 4-in-1 Bloodstopper 1910 077100667 2 Cederroth 4-in-1 mini Bloodstopper 1911 077100642 2 Metallized compresses 20 x 40 cm 1893 (Net Dressing) 077100642 1 stuck in 1893 (Net Dressing) 077105013 1 Cederroth Burn Gel Dressing 901,900 077100659 20 Salvequick Plaster 1880 (cleansing wipes 10 pcs &amp; Patches 20 pcs) 077100659 10 Salvequick cleansing wipes 1880 (cleansing wipes 10 pcs &amp; Patches 20 pcs) 077190341 1 Soft Foam Bandage, 6 cm x 40 cm 666 150 077100634 2 Elastic bandages 8cm x 4 m in 1882 077190343 1 1889 Mitella<\/p>\n<p>CARACT\u00c9RISTIQUES PRINCIPALES : Unisexe. TISSU : vert<\/p>","protected":false},"excerpt":{"rendered":"<p>Well equipped first aid kit in thick and durable material to protect against dust and moisture. Grip handle. Transparent plastic pockets provide transparent content. Space for own option. Content &#8211; First Aid instructions 077102507 1 Respirator 2596 (protection package) 077102507 2 pairs of gloves 2596 (protection package) 077102507 2 Safety Hand Cleanser 2596 (protection package) [&hellip;]<\/p>\n","protected":false},"featured_media":0,"template":"","meta":[],"product_brand":[],"product_cat":[9643,4209],"product_tag":[],"class_list":{"0":"post-602259","1":"product","2":"type-product","3":"status-publish","5":"product_cat-equipment","6":"product_cat-zubehoer","7":"pa_brand-blaklaeder","8":"pa_brand-type-workwear","9":"pa_filter-color-gruen","11":"first","12":"instock","13":"sale","14":"taxable","15":"shipping-taxable","16":"purchasable","17":"product-type-variable","18":"add-to-wishlist-before_image"},"exclude_global_add_ons":[],"addons":[],"acf":[],"_links":{"self":[{"href":"https:\/\/shop.kustom.ch\/fr\/wp-json\/wp\/v2\/product\/602259"}],"collection":[{"href":"https:\/\/shop.kustom.ch\/fr\/wp-json\/wp\/v2\/product"}],"about":[{"href":"https:\/\/shop.kustom.ch\/fr\/wp-json\/wp\/v2\/types\/product"}],"wp:attachment":[{"href":"https:\/\/shop.kustom.ch\/fr\/wp-json\/wp\/v2\/media?parent=602259"}],"wp:term":[{"taxonomy":"product_brand","embeddable":true,"href":"https:\/\/shop.kustom.ch\/fr\/wp-json\/wp\/v2\/product_brand?post=602259"},{"taxonomy":"product_cat","embeddable":true,"href":"https:\/\/shop.kustom.ch\/fr\/wp-json\/wp\/v2\/product_cat?post=602259"},{"taxonomy":"product_tag","embeddable":true,"href":"https:\/\/shop.kustom.ch\/fr\/wp-json\/wp\/v2\/product_tag?post=602259"}],"curies":[{"name":"wp","href":"https:\/\/api.w.org\/{rel}","templated":true}]}}