{"id":602246,"date":"2025-03-05T03:25:46","date_gmt":"2025-03-05T02:25:46","guid":{"rendered":"https:\/\/shop.kustom.ch\/?post_type=product&#038;p=602246"},"modified":"2025-05-09T10:25:58","modified_gmt":"2025-05-09T09:25:58","slug":"visir-3m-peltor-5f-11","status":"publish","type":"product","link":"https:\/\/shop.kustom.ch\/fr\/produit\/visir-3m-peltor-5f-11\/","title":{"rendered":"Visi\u00e8re 3M Peltor 5F-11"},"content":{"rendered":"<p>Visi\u00e8re claire en polycarbonate, trait\u00e9e anti-bu\u00e9e et anti-taches.Classe optique \u00e9lev\u00e9e, tr\u00e8s bonne r\u00e9sistance aux impacts.Protection de la t\u00eate avec l'angle de la visi\u00e8re minimisant le risque de reflet qui aveugle l'utilisateur.Le support de visi\u00e8re est \u00e0 la fois un support de visi\u00e8re et un kit de liaison, pour s'adapter aux casques de s\u00e9curit\u00e9 Peltor G3000 et G22.S'adapte sur les d\u00e9flecteurs de casque Peltor ou sur les adaptateurs de casque.Fonction d'encliquetage pour un ajustement facile de la visi\u00e8re et du support de visi\u00e8re.Le support de visi\u00e8re s'adapte aux visi\u00e8res claires 5F-1, 5B, 5C et aux visi\u00e8res de maille 5J.Conforme \u00e0 la norme EN 166, classe 1 BT A 89 KN.<\/p>","protected":false},"excerpt":{"rendered":"<p>Clear, tip-up and anti-fog treated visor in polycarbonate.Highest optical class, very good impact resistance.Forehead protection with the visor&#8217;s angle minimising the risk of reflection that blinds the user.The visor holder is both a visor holder and link set, to fit Peltor safety helmets G3000 and G22.Fits onto Peltor&#8217;s helmet defenders or helmet adapter.Snap-in function for [&hellip;]<\/p>\n","protected":false},"featured_media":602306,"template":"","meta":[],"product_brand":[],"product_cat":[9643,4209],"product_tag":[],"class_list":{"0":"post-602246","1":"product","2":"type-product","3":"status-publish","4":"has-post-thumbnail","6":"product_cat-equipment","7":"product_cat-zubehoer","8":"pa_brand-blaklaeder","9":"pa_brand-type-workwear","11":"first","12":"instock","13":"sale","14":"taxable","15":"shipping-taxable","16":"purchasable","17":"product-type-variable","18":"add-to-wishlist-before_image"},"exclude_global_add_ons":[],"addons":[],"acf":[],"_links":{"self":[{"href":"https:\/\/shop.kustom.ch\/fr\/wp-json\/wp\/v2\/product\/602246"}],"collection":[{"href":"https:\/\/shop.kustom.ch\/fr\/wp-json\/wp\/v2\/product"}],"about":[{"href":"https:\/\/shop.kustom.ch\/fr\/wp-json\/wp\/v2\/types\/product"}],"wp:featuredmedia":[{"embeddable":true,"href":"https:\/\/shop.kustom.ch\/fr\/wp-json\/wp\/v2\/media\/602306"}],"wp:attachment":[{"href":"https:\/\/shop.kustom.ch\/fr\/wp-json\/wp\/v2\/media?parent=602246"}],"wp:term":[{"taxonomy":"product_brand","embeddable":true,"href":"https:\/\/shop.kustom.ch\/fr\/wp-json\/wp\/v2\/product_brand?post=602246"},{"taxonomy":"product_cat","embeddable":true,"href":"https:\/\/shop.kustom.ch\/fr\/wp-json\/wp\/v2\/product_cat?post=602246"},{"taxonomy":"product_tag","embeddable":true,"href":"https:\/\/shop.kustom.ch\/fr\/wp-json\/wp\/v2\/product_tag?post=602246"}],"curies":[{"name":"wp","href":"https:\/\/api.w.org\/{rel}","templated":true}]}}