{"id":602244,"date":"2025-03-05T03:25:46","date_gmt":"2025-03-05T02:25:46","guid":{"rendered":"https:\/\/shop.kustom.ch\/?post_type=product&#038;p=602244"},"modified":"2025-05-09T10:15:39","modified_gmt":"2025-05-09T09:15:39","slug":"cederroth-eyewash-2-pack","status":"publish","type":"product","link":"https:\/\/shop.kustom.ch\/fr\/produit\/cederroth-eyewash-2-pack\/","title":{"rendered":"Cederroth eyewash 2-pack"},"content":{"rendered":"<p>Bouteille Handy avec \u0153ill\u00e8re int\u00e9gr\u00e9e et couvercle anti-poussi\u00e8re. Offre un flux de fluide g\u00e9n\u00e9reux. En plus de la dilution et du rin\u00e7age de la substance dangereuse, la douche a \u00e9galement un effet neutralisant sur les \u00e9claboussures d'alcalis et d'acides. L'effet est g\u00e9n\u00e9ralement plus fort pour les alcalis que pour les acides. Chaque bouteille contient 500 ml de s\u00e9rum physiologique tamponn\u00e9 st\u00e9rile \u00e0 usage unique. Sans conservateurs. Dur\u00e9e de vie de 4,5 ans. NOTE ! Les Eye Wash Bottles 2 pack ou le support mural pour une ou deux bouteilles sont vendus s\u00e9par\u00e9ment.<\/p>\n<p>CARACT\u00c9RISTIQUES PRINCIPALES : Unisexe. TISSU : vert<\/p>","protected":false},"excerpt":{"rendered":"<p>Handy bottle with integrated eye cup and dust cover. Provides a generous flow of fluid. In addition to dilution and rinsing of the dangerous substance has eyes the shower also has a neutralizing effect on splashes of alkalis and acids. The effect is generally stronger for alkalis than for acids. Each bottle contains 500 ml [&hellip;]<\/p>\n","protected":false},"featured_media":0,"template":"","meta":[],"product_brand":[],"product_cat":[9643,4209],"product_tag":[],"class_list":{"0":"post-602244","1":"product","2":"type-product","3":"status-publish","5":"product_cat-equipment","6":"product_cat-zubehoer","7":"pa_brand-blaklaeder","8":"pa_brand-type-workwear","9":"pa_filter-color-gruen","11":"first","12":"instock","13":"sale","14":"taxable","15":"shipping-taxable","16":"purchasable","17":"product-type-variable","18":"add-to-wishlist-before_image"},"exclude_global_add_ons":[],"addons":[],"acf":[],"_links":{"self":[{"href":"https:\/\/shop.kustom.ch\/fr\/wp-json\/wp\/v2\/product\/602244"}],"collection":[{"href":"https:\/\/shop.kustom.ch\/fr\/wp-json\/wp\/v2\/product"}],"about":[{"href":"https:\/\/shop.kustom.ch\/fr\/wp-json\/wp\/v2\/types\/product"}],"wp:attachment":[{"href":"https:\/\/shop.kustom.ch\/fr\/wp-json\/wp\/v2\/media?parent=602244"}],"wp:term":[{"taxonomy":"product_brand","embeddable":true,"href":"https:\/\/shop.kustom.ch\/fr\/wp-json\/wp\/v2\/product_brand?post=602244"},{"taxonomy":"product_cat","embeddable":true,"href":"https:\/\/shop.kustom.ch\/fr\/wp-json\/wp\/v2\/product_cat?post=602244"},{"taxonomy":"product_tag","embeddable":true,"href":"https:\/\/shop.kustom.ch\/fr\/wp-json\/wp\/v2\/product_tag?post=602244"}],"curies":[{"name":"wp","href":"https:\/\/api.w.org\/{rel}","templated":true}]}}