{"id":602217,"date":"2025-03-05T03:24:26","date_gmt":"2025-03-05T02:24:26","guid":{"rendered":"https:\/\/shop.kustom.ch\/?post_type=product&#038;p=602217"},"modified":"2025-05-09T10:25:47","modified_gmt":"2025-05-09T09:25:47","slug":"goggles-uvex-megasonic","status":"publish","type":"product","link":"https:\/\/shop.kustom.ch\/fr\/produit\/goggles-uvex-megasonic\/","title":{"rendered":"Lunettes Uvex Megasonic"},"content":{"rendered":"<p>Lunettes avec vision de bord \u00e0 bord, claire comme du cristal.Repose-lunettes (OTG).Rev\u00eatement Uvex supravision extr\u00eame : int\u00e9rieur anti-bu\u00e9e et ext\u00e9rieur extr\u00eamement r\u00e9sistant aux rayures et aux produits chimiques.Complies with EN 166 and EN 170. Labelling : W 166 34 BT CE - 2C-1.2 W1 BTKN CE. Protection UV400 fiable. Haute r\u00e9sistance m\u00e9canique (B : 120 m\/s).<\/p>","protected":false},"excerpt":{"rendered":"<p>Lunettes avec vision de bord \u00e0 bord, claire comme du cristal.Repose-lunettes (OTG).Rev\u00eatement Uvex supravision extr\u00eame : int\u00e9rieur anti-bu\u00e9e et ext\u00e9rieur extr\u00eamement r\u00e9sistant aux rayures et aux produits chimiques.Complies with EN 166 and EN 170. Labelling : W 166 34 BT CE - 2C-1.2 W1 BTKN CE. Protection UV400 fiable. Haute r\u00e9sistance m\u00e9canique (B : 120 m\/s).<\/p>","protected":false},"featured_media":602263,"template":"","meta":[],"product_brand":[],"product_cat":[9643,4209],"product_tag":[],"class_list":{"0":"post-602217","1":"product","2":"type-product","3":"status-publish","4":"has-post-thumbnail","6":"product_cat-equipment","7":"product_cat-zubehoer","8":"pa_brand-blaklaeder","9":"pa_brand-type-workwear","11":"first","12":"instock","13":"sale","14":"taxable","15":"shipping-taxable","16":"purchasable","17":"product-type-variable","18":"add-to-wishlist-before_image"},"exclude_global_add_ons":[],"addons":[],"acf":[],"_links":{"self":[{"href":"https:\/\/shop.kustom.ch\/fr\/wp-json\/wp\/v2\/product\/602217"}],"collection":[{"href":"https:\/\/shop.kustom.ch\/fr\/wp-json\/wp\/v2\/product"}],"about":[{"href":"https:\/\/shop.kustom.ch\/fr\/wp-json\/wp\/v2\/types\/product"}],"wp:featuredmedia":[{"embeddable":true,"href":"https:\/\/shop.kustom.ch\/fr\/wp-json\/wp\/v2\/media\/602263"}],"wp:attachment":[{"href":"https:\/\/shop.kustom.ch\/fr\/wp-json\/wp\/v2\/media?parent=602217"}],"wp:term":[{"taxonomy":"product_brand","embeddable":true,"href":"https:\/\/shop.kustom.ch\/fr\/wp-json\/wp\/v2\/product_brand?post=602217"},{"taxonomy":"product_cat","embeddable":true,"href":"https:\/\/shop.kustom.ch\/fr\/wp-json\/wp\/v2\/product_cat?post=602217"},{"taxonomy":"product_tag","embeddable":true,"href":"https:\/\/shop.kustom.ch\/fr\/wp-json\/wp\/v2\/product_tag?post=602217"}],"curies":[{"name":"wp","href":"https:\/\/api.w.org\/{rel}","templated":true}]}}