{"id":602180,"date":"2025-03-05T03:22:03","date_gmt":"2025-03-05T02:22:03","guid":{"rendered":"https:\/\/shop.kustom.ch\/?post_type=product&#038;p=602180"},"modified":"2025-05-09T10:22:23","modified_gmt":"2025-05-09T09:22:23","slug":"visor-for-uvex-pehos-helmet","status":"publish","type":"product","link":"https:\/\/shop.kustom.ch\/fr\/produit\/visor-for-uvex-pehos-helmet\/","title":{"rendered":"Visi\u00e8re pour casque Uvex Pehos"},"content":{"rendered":"<p>. visi\u00e8re en polycarbonate avec rev\u00eatement uvex supravision excellence. anti-bu\u00e9e et anti-rayures. disponible avec deux montures alternatives : leviers m\u00e9caniques ou verrous magn\u00e9tiques automatiques. r\u00e9pond aux normes EN 166 et EN 170, et est \u00e9galement certifi\u00e9 pour les domaines d'application 3 (liquides) et 9 (m\u00e9taux en fusion et solides chauds)<\/p>","protected":false},"excerpt":{"rendered":"<p>. visi\u00e8re en polycarbonate avec rev\u00eatement uvex supravision excellence. anti-bu\u00e9e et anti-rayures. disponible avec deux montures alternatives : leviers m\u00e9caniques ou verrous magn\u00e9tiques automatiques. r\u00e9pond aux normes EN 166 et EN 170, et est \u00e9galement certifi\u00e9 pour les domaines d'application 3 (liquides) et 9 (m\u00e9taux en fusion et solides chauds)<\/p>","protected":false},"featured_media":602236,"template":"","meta":[],"product_brand":[],"product_cat":[9643,4209],"product_tag":[],"class_list":{"0":"post-602180","1":"product","2":"type-product","3":"status-publish","4":"has-post-thumbnail","6":"product_cat-equipment","7":"product_cat-zubehoer","8":"pa_brand-blaklaeder","9":"pa_brand-type-workwear","11":"first","12":"instock","13":"sale","14":"taxable","15":"shipping-taxable","16":"purchasable","17":"product-type-variable","18":"add-to-wishlist-before_image"},"exclude_global_add_ons":[],"addons":[],"acf":[],"_links":{"self":[{"href":"https:\/\/shop.kustom.ch\/fr\/wp-json\/wp\/v2\/product\/602180"}],"collection":[{"href":"https:\/\/shop.kustom.ch\/fr\/wp-json\/wp\/v2\/product"}],"about":[{"href":"https:\/\/shop.kustom.ch\/fr\/wp-json\/wp\/v2\/types\/product"}],"wp:featuredmedia":[{"embeddable":true,"href":"https:\/\/shop.kustom.ch\/fr\/wp-json\/wp\/v2\/media\/602236"}],"wp:attachment":[{"href":"https:\/\/shop.kustom.ch\/fr\/wp-json\/wp\/v2\/media?parent=602180"}],"wp:term":[{"taxonomy":"product_brand","embeddable":true,"href":"https:\/\/shop.kustom.ch\/fr\/wp-json\/wp\/v2\/product_brand?post=602180"},{"taxonomy":"product_cat","embeddable":true,"href":"https:\/\/shop.kustom.ch\/fr\/wp-json\/wp\/v2\/product_cat?post=602180"},{"taxonomy":"product_tag","embeddable":true,"href":"https:\/\/shop.kustom.ch\/fr\/wp-json\/wp\/v2\/product_tag?post=602180"}],"curies":[{"name":"wp","href":"https:\/\/api.w.org\/{rel}","templated":true}]}}