{"id":602168,"date":"2025-03-05T03:21:24","date_gmt":"2025-03-05T02:21:24","guid":{"rendered":"https:\/\/shop.kustom.ch\/?post_type=product&#038;p=602168"},"modified":"2026-03-17T15:18:15","modified_gmt":"2026-03-17T14:18:15","slug":"reflex-set-m-fuer-uvex-pheos-helme","status":"publish","type":"product","link":"https:\/\/shop.kustom.ch\/fr\/produit\/reflex-set-m-fuer-uvex-pheos-helme\/","title":{"rendered":"Reflex Set M pour casques Uvex Pheos"},"content":{"rendered":"<p>Set d'autocollants hautement r\u00e9fl\u00e9chissants pour tous les casques Uvex Pheos et Uvex Pheos Alpine.luminosit\u00e9 extr\u00eamement \u00e9lev\u00e9e gr\u00e2ce au film prismatique. Facile \u00e0 coller.<\/p>\n<p>TISSU : gris<\/p>","protected":false},"excerpt":{"rendered":"<p>Hochreflektierendes Aufkleber-Set f\u00fcr alle Uvex Pheos und Uvex Pheos Alpine Helme.Extrem hohe Helligkeit durch Prismenfolie. Einfach aufzukleben. STOFF: grau<\/p>","protected":false},"featured_media":602224,"template":"","meta":[],"product_brand":[],"product_cat":[4209],"product_tag":[],"class_list":{"0":"post-602168","1":"product","2":"type-product","3":"status-publish","4":"has-post-thumbnail","6":"product_cat-zubehoer","7":"pa_brand-blaklaeder","8":"pa_brand-type-workwear","9":"pa_filter-color-grau","11":"first","12":"instock","13":"sale","14":"taxable","15":"shipping-taxable","16":"purchasable","17":"product-type-variable","18":"add-to-wishlist-before_image"},"exclude_global_add_ons":[],"addons":[],"acf":[],"_links":{"self":[{"href":"https:\/\/shop.kustom.ch\/fr\/wp-json\/wp\/v2\/product\/602168"}],"collection":[{"href":"https:\/\/shop.kustom.ch\/fr\/wp-json\/wp\/v2\/product"}],"about":[{"href":"https:\/\/shop.kustom.ch\/fr\/wp-json\/wp\/v2\/types\/product"}],"wp:featuredmedia":[{"embeddable":true,"href":"https:\/\/shop.kustom.ch\/fr\/wp-json\/wp\/v2\/media\/602224"}],"wp:attachment":[{"href":"https:\/\/shop.kustom.ch\/fr\/wp-json\/wp\/v2\/media?parent=602168"}],"wp:term":[{"taxonomy":"product_brand","embeddable":true,"href":"https:\/\/shop.kustom.ch\/fr\/wp-json\/wp\/v2\/product_brand?post=602168"},{"taxonomy":"product_cat","embeddable":true,"href":"https:\/\/shop.kustom.ch\/fr\/wp-json\/wp\/v2\/product_cat?post=602168"},{"taxonomy":"product_tag","embeddable":true,"href":"https:\/\/shop.kustom.ch\/fr\/wp-json\/wp\/v2\/product_tag?post=602168"}],"curies":[{"name":"wp","href":"https:\/\/api.w.org\/{rel}","templated":true}]}}