{"id":602155,"date":"2025-03-05T03:20:47","date_gmt":"2025-03-05T02:20:47","guid":{"rendered":"https:\/\/shop.kustom.ch\/?post_type=product&#038;p=602155"},"modified":"2025-05-09T10:14:50","modified_gmt":"2025-05-09T09:14:50","slug":"phatec-58-530w-schwarz-10","status":"publish","type":"product","link":"https:\/\/shop.kustom.ch\/fr\/produit\/phatec-58-530w-schwarz-10\/","title":{"rendered":"phaTec 58-530W noir 10"},"content":{"rendered":"<p>Le gant en caoutchouc nitrile AlphaTec\u00ae est dot\u00e9 de la technologie Ansell Grip Technology T, de petits pores qui offrent une conception unique combinant une adh\u00e9rence humide tr\u00e8s s\u00fbre, la r\u00e9sistance aux produits chimiques, la flexibilit\u00e9 et la dext\u00e9rit\u00e9. Convient pour la manipulation de produits chimiques, l'industrie de l'impression, l'exploitation mini\u00e8re, la maintenance, etc. Donn\u00e9es techniques . Mat\u00e9riau : Nitrile . Doublure : Napp\u00e9e . Longueur : 305 mm . Certification : EN374 . Complies with : Cat 3 : EN388 : 4121, EN374, EN374 : JKL<\/p>\n<p>TISSU : noir. CONDITIONNEMENT : prix\/paire, vendues en ballotin de 12 paires<\/p>","protected":false},"excerpt":{"rendered":"<p>Nitrile rubber glove AlphaTec\u00ae consists of Ansell Grip Technology T, small pores that provide a unique design that provides a combination of very safe wet grip, chemical resistance, flexibility and dexterity. Suitable for handling chemicals, printing industry, mining, maintenance, etc. Technical data . Material: Nitrile . Lining: napped . Length: 305 mm . Certification: EN374 [&hellip;]<\/p>\n","protected":false},"featured_media":0,"template":"","meta":[],"product_brand":[],"product_cat":[4180],"product_tag":[],"class_list":{"0":"post-602155","1":"product","2":"type-product","3":"status-publish","5":"product_cat-handschuhe","6":"pa_brand-blaklaeder","7":"pa_brand-type-workwear","8":"pa_filter-color-schwarz","10":"first","11":"instock","12":"sale","13":"taxable","14":"shipping-taxable","15":"purchasable","16":"product-type-variable","17":"add-to-wishlist-before_image"},"exclude_global_add_ons":[],"addons":[],"acf":[],"_links":{"self":[{"href":"https:\/\/shop.kustom.ch\/fr\/wp-json\/wp\/v2\/product\/602155"}],"collection":[{"href":"https:\/\/shop.kustom.ch\/fr\/wp-json\/wp\/v2\/product"}],"about":[{"href":"https:\/\/shop.kustom.ch\/fr\/wp-json\/wp\/v2\/types\/product"}],"wp:attachment":[{"href":"https:\/\/shop.kustom.ch\/fr\/wp-json\/wp\/v2\/media?parent=602155"}],"wp:term":[{"taxonomy":"product_brand","embeddable":true,"href":"https:\/\/shop.kustom.ch\/fr\/wp-json\/wp\/v2\/product_brand?post=602155"},{"taxonomy":"product_cat","embeddable":true,"href":"https:\/\/shop.kustom.ch\/fr\/wp-json\/wp\/v2\/product_cat?post=602155"},{"taxonomy":"product_tag","embeddable":true,"href":"https:\/\/shop.kustom.ch\/fr\/wp-json\/wp\/v2\/product_tag?post=602155"}],"curies":[{"name":"wp","href":"https:\/\/api.w.org\/{rel}","templated":true}]}}