{"id":602139,"date":"2025-03-05T03:20:13","date_gmt":"2025-03-05T02:20:13","guid":{"rendered":"https:\/\/shop.kustom.ch\/?post_type=product&#038;p=602139"},"modified":"2025-06-25T09:27:16","modified_gmt":"2025-06-25T08:27:16","slug":"bandana-cooling-ergodyne-6710ct-hi-vis","status":"publish","type":"product","link":"https:\/\/shop.kustom.ch\/fr\/produit\/bandana-cooling-ergodyne-6710ct-hi-vis\/","title":{"rendered":"Bandana Cooling Ergodyne 6710CT Hi-Vis"},"content":{"rendered":"<p>Bandana en PVA avec fonction de refroidissement. Trempez-le pendant environ 1 minute avant de le presser et de le fixer sur la t\u00eate.L\u00e9ger et flexible.Attach\u00e9 avec un cordon.R\u00e9utilisable.Haute visibilit\u00e9.<\/p>\n<p>TISSU : jaune haute visibilit\u00e9<\/p>","protected":false},"excerpt":{"rendered":"<p>Bandana in PVA with cooling function. Soak for about 1 minute before then squeezing out and attaching to the head.Light and flexible.Attached with tie.Reusable.High visibility. STOFF: High-Vis Gelb<\/p>","protected":false},"featured_media":602212,"template":"","meta":[],"product_brand":[],"product_cat":[9643,4209],"product_tag":[],"class_list":{"0":"post-602139","1":"product","2":"type-product","3":"status-publish","4":"has-post-thumbnail","6":"product_cat-equipment","7":"product_cat-zubehoer","8":"pa_brand-blaklaeder","9":"pa_brand-type-workwear","10":"pa_filter-color-gelb","12":"first","13":"instock","14":"sale","15":"taxable","16":"shipping-taxable","17":"purchasable","18":"product-type-variable","19":"add-to-wishlist-before_image"},"exclude_global_add_ons":[],"addons":[],"acf":[],"_links":{"self":[{"href":"https:\/\/shop.kustom.ch\/fr\/wp-json\/wp\/v2\/product\/602139"}],"collection":[{"href":"https:\/\/shop.kustom.ch\/fr\/wp-json\/wp\/v2\/product"}],"about":[{"href":"https:\/\/shop.kustom.ch\/fr\/wp-json\/wp\/v2\/types\/product"}],"wp:featuredmedia":[{"embeddable":true,"href":"https:\/\/shop.kustom.ch\/fr\/wp-json\/wp\/v2\/media\/602212"}],"wp:attachment":[{"href":"https:\/\/shop.kustom.ch\/fr\/wp-json\/wp\/v2\/media?parent=602139"}],"wp:term":[{"taxonomy":"product_brand","embeddable":true,"href":"https:\/\/shop.kustom.ch\/fr\/wp-json\/wp\/v2\/product_brand?post=602139"},{"taxonomy":"product_cat","embeddable":true,"href":"https:\/\/shop.kustom.ch\/fr\/wp-json\/wp\/v2\/product_cat?post=602139"},{"taxonomy":"product_tag","embeddable":true,"href":"https:\/\/shop.kustom.ch\/fr\/wp-json\/wp\/v2\/product_tag?post=602139"}],"curies":[{"name":"wp","href":"https:\/\/api.w.org\/{rel}","templated":true}]}}