{"id":602137,"date":"2025-03-05T03:20:13","date_gmt":"2025-03-05T02:20:13","guid":{"rendered":"https:\/\/shop.kustom.ch\/?post_type=product&#038;p=602137"},"modified":"2025-05-09T10:25:50","modified_gmt":"2025-05-09T09:25:50","slug":"cederroth-first-aid-station-51011030","status":"publish","type":"product","link":"https:\/\/shop.kustom.ch\/fr\/produit\/cederroth-first-aid-station-51011030\/","title":{"rendered":"Station de premiers secours Cederroth 51011030"},"content":{"rendered":"<p>La Station de Premiers Secours Cederroth contient des produits adapt\u00e9s \u00e0 diff\u00e9rents types de blessures, et peut \u00e9galement \u00eatre facilement adapt\u00e9e pour r\u00e9pondre \u00e0 diff\u00e9rents besoins de soins.Fabriqu\u00e9e enti\u00e8rement en plastique recycl\u00e9.Distributeur int\u00e9gr\u00e9 contenant le bandage Cederroth Soft Foam Beige (2 m\u00e8tres).Dimensions : W 29 x H 56 x D 12 cm.Contents:2 x Cederroth 4-in-1 Bloodstopper (REF 1910)3 x Cederroth 4-in-1 Mini Bloodstopper (REF 1911)1 x Cederroth Burn Gel Dressing, 2pack (REF 901900)1 x Cederroth Eye &amp; Wound Cleansing spray, 150 ml (REF 726000)1 x Cederroth Soft Foam Dispenser incl.1 x Soft Foam Beige, 2 mx 6 cm (REF 51011019)1 x Salvequick Plaster Dispenser incl.1 x Salvequick Plastic Plasters, 45-pack (REF 6036)1 x Salvequick Textile Plasters, 40-pack (REF 6444)1 x Salvequick Wound Cleansing Swabs, 20-pack (REF 323700)1 x Cederroth Protection Kit (REF 2596)1 x First Aid Instructions1 x Refill key<\/p>\n<p>TISSU : vert<\/p>","protected":false},"excerpt":{"rendered":"<p>Cederroth First Aid Station contains products for tending to several types of injuries, and it can also be easily adapted to meet different care needs.Made entirely of recycled plastic.Integrated dispenser containing Cederroth Soft Foam Bandage Beige (2 metres).Dimensions: W 29 x H 56 x D 12 cm.Contents:2 x Cederroth 4-in-1 Bloodstopper (REF 1910)3 x Cederroth [&hellip;]<\/p>\n","protected":false},"featured_media":602205,"template":"","meta":[],"product_brand":[],"product_cat":[9643,4209],"product_tag":[],"class_list":{"0":"post-602137","1":"product","2":"type-product","3":"status-publish","4":"has-post-thumbnail","6":"product_cat-equipment","7":"product_cat-zubehoer","8":"pa_brand-blaklaeder","9":"pa_brand-type-workwear","10":"pa_filter-color-gruen","12":"first","13":"instock","14":"sale","15":"taxable","16":"shipping-taxable","17":"purchasable","18":"product-type-variable","19":"add-to-wishlist-before_image"},"exclude_global_add_ons":[],"addons":[],"acf":[],"_links":{"self":[{"href":"https:\/\/shop.kustom.ch\/fr\/wp-json\/wp\/v2\/product\/602137"}],"collection":[{"href":"https:\/\/shop.kustom.ch\/fr\/wp-json\/wp\/v2\/product"}],"about":[{"href":"https:\/\/shop.kustom.ch\/fr\/wp-json\/wp\/v2\/types\/product"}],"wp:featuredmedia":[{"embeddable":true,"href":"https:\/\/shop.kustom.ch\/fr\/wp-json\/wp\/v2\/media\/602205"}],"wp:attachment":[{"href":"https:\/\/shop.kustom.ch\/fr\/wp-json\/wp\/v2\/media?parent=602137"}],"wp:term":[{"taxonomy":"product_brand","embeddable":true,"href":"https:\/\/shop.kustom.ch\/fr\/wp-json\/wp\/v2\/product_brand?post=602137"},{"taxonomy":"product_cat","embeddable":true,"href":"https:\/\/shop.kustom.ch\/fr\/wp-json\/wp\/v2\/product_cat?post=602137"},{"taxonomy":"product_tag","embeddable":true,"href":"https:\/\/shop.kustom.ch\/fr\/wp-json\/wp\/v2\/product_tag?post=602137"}],"curies":[{"name":"wp","href":"https:\/\/api.w.org\/{rel}","templated":true}]}}