{"id":602136,"date":"2025-03-05T03:20:12","date_gmt":"2025-03-05T02:20:12","guid":{"rendered":"https:\/\/shop.kustom.ch\/?post_type=product&#038;p=602136"},"modified":"2025-05-09T10:20:09","modified_gmt":"2025-05-09T09:20:09","slug":"earplug-ear-tracers","status":"publish","type":"product","link":"https:\/\/shop.kustom.ch\/fr\/produit\/earplug-ear-tracers\/","title":{"rendered":"EARPLUG EAR TRACERS"},"content":{"rendered":"<p>Le mat\u00e9riau avanc\u00e9 utilise la chaleur du corps pour s'adapter \u00e0 la forme individuelle du canal auditif de chaque utilisateur. Offre un confort sup\u00e9rieur et un ajustement vraiment individuel. Simplifie le contr\u00f4le de l'inventaire - un seul produit s'adapte \u00e0 presque tous les utilisateurs. Prot\u00e8ge sans isoler. SNR 30 Conforme \u00e0 la norme EN 352.<\/p>\n<p>TISSU : noir<\/p>","protected":false},"excerpt":{"rendered":"<p>Advanced material uses body heat to adapt to the individual shape of each wearer&#8217;s ear canal. Delivers superior comfort and a truly individual fit. Simplifies inventory control &#8211; a single product fits almost every wearer. Protects without isolating. SNR 30 Complies with EN 352. STOFF: schwarz<\/p>","protected":false},"featured_media":0,"template":"","meta":[],"product_brand":[],"product_cat":[9643,4209],"product_tag":[],"class_list":{"0":"post-602136","1":"product","2":"type-product","3":"status-publish","5":"product_cat-equipment","6":"product_cat-zubehoer","7":"pa_brand-blaklaeder","8":"pa_brand-type-workwear","9":"pa_filter-color-schwarz","11":"first","12":"instock","13":"sale","14":"taxable","15":"shipping-taxable","16":"purchasable","17":"product-type-variable","18":"add-to-wishlist-before_image"},"exclude_global_add_ons":[],"addons":[],"acf":[],"_links":{"self":[{"href":"https:\/\/shop.kustom.ch\/fr\/wp-json\/wp\/v2\/product\/602136"}],"collection":[{"href":"https:\/\/shop.kustom.ch\/fr\/wp-json\/wp\/v2\/product"}],"about":[{"href":"https:\/\/shop.kustom.ch\/fr\/wp-json\/wp\/v2\/types\/product"}],"wp:attachment":[{"href":"https:\/\/shop.kustom.ch\/fr\/wp-json\/wp\/v2\/media?parent=602136"}],"wp:term":[{"taxonomy":"product_brand","embeddable":true,"href":"https:\/\/shop.kustom.ch\/fr\/wp-json\/wp\/v2\/product_brand?post=602136"},{"taxonomy":"product_cat","embeddable":true,"href":"https:\/\/shop.kustom.ch\/fr\/wp-json\/wp\/v2\/product_cat?post=602136"},{"taxonomy":"product_tag","embeddable":true,"href":"https:\/\/shop.kustom.ch\/fr\/wp-json\/wp\/v2\/product_tag?post=602136"}],"curies":[{"name":"wp","href":"https:\/\/api.w.org\/{rel}","templated":true}]}}