{"id":602100,"date":"2025-03-05T03:18:35","date_gmt":"2025-03-05T02:18:35","guid":{"rendered":"https:\/\/shop.kustom.ch\/?post_type=product&#038;p=602100"},"modified":"2025-05-09T10:21:47","modified_gmt":"2025-05-09T09:21:47","slug":"einweg-overall-tyvek-500-xpert","status":"publish","type":"product","link":"https:\/\/shop.kustom.ch\/fr\/produit\/einweg-overall-tyvek-500-xpert\/","title":{"rendered":"Combinaison jetable Tyvek 500 Xpert"},"content":{"rendered":"<p>Ces combinaisons Tyvek\u00ae sont fabriqu\u00e9es en poly\u00e9thyl\u00e8ne haute densit\u00e9 fil\u00e9 par flash, qui offre un \u00e9quilibre id\u00e9al entre protection, durabilit\u00e9 et confort. Tyvek\u00ae est perm\u00e9able \u00e0 l'air et \u00e0 la vapeur d'eau, mais rejette les liquides et les a\u00e9rosols \u00e0 base d'eau. Il constitue une excellente barri\u00e8re contre les particules et les fibres fines (jusqu'\u00e0 1 micron). Le tissu extr\u00eamement peu pelucheux est robuste mais l\u00e9ger (&lt;180 g par v\u00eatement). Capuche en 3 parties pour un ajustement optimal \u00e0 la t\u00eate et au visage lors de la rotation Grande fermeture \u00e9clair facile \u00e0 saisir Visage, poignets et chevilles \u00e9lastiques et \u00e9lastique de taille coll\u00e9 Entrejambe g\u00e9n\u00e9reux pour la libert\u00e9 de mouvement ; coutures ext\u00e9rieures cousues Tr\u00e8s peu de fuites vers l&#039;int\u00e9rieur gr\u00e2ce \u00e0 une conception optimis\u00e9e L&#039;emballage \u00e9cologique en option r\u00e9duit les d\u00e9chets et la consommation d&#039;\u00e9nergie <\/p>\n<p>CARACT\u00c9RISTIQUES PRINCIPALES : Unisexe. TISSU : blanc<\/p>","protected":false},"excerpt":{"rendered":"<p>Diese Tyvek\u00ae-Overalls bestehen aus flash-gesponnenem hochdichten Polyethylen, das eine ideale Balance aus Schutz, Haltbarkeit und Komfort bietet. Tyvek\u00ae ist sowohl f\u00fcr Luft als auch f\u00fcr Wasserdampf durchl\u00e4ssig, weist aber wasserbasierte Fl\u00fcssigkeiten und Aerosole ab. Es bietet eine ausgezeichnete Barriere gegen feine Partikel und Fasern (bis zu einer Gr\u00f6sse von 1 Mikron). Extrem fusselarmes Gewebe ist [&hellip;]<\/p>\n","protected":false},"featured_media":602174,"template":"","meta":[],"product_brand":[],"product_cat":[9643,4209],"product_tag":[],"class_list":{"0":"post-602100","1":"product","2":"type-product","3":"status-publish","4":"has-post-thumbnail","6":"product_cat-equipment","7":"product_cat-zubehoer","8":"pa_brand-blaklaeder","9":"pa_brand-type-workwear","10":"pa_filter-color-weiss","12":"first","13":"instock","14":"sale","15":"taxable","16":"shipping-taxable","17":"purchasable","18":"product-type-variable","19":"add-to-wishlist-before_image"},"exclude_global_add_ons":[],"addons":[],"acf":[],"_links":{"self":[{"href":"https:\/\/shop.kustom.ch\/fr\/wp-json\/wp\/v2\/product\/602100"}],"collection":[{"href":"https:\/\/shop.kustom.ch\/fr\/wp-json\/wp\/v2\/product"}],"about":[{"href":"https:\/\/shop.kustom.ch\/fr\/wp-json\/wp\/v2\/types\/product"}],"wp:featuredmedia":[{"embeddable":true,"href":"https:\/\/shop.kustom.ch\/fr\/wp-json\/wp\/v2\/media\/602174"}],"wp:attachment":[{"href":"https:\/\/shop.kustom.ch\/fr\/wp-json\/wp\/v2\/media?parent=602100"}],"wp:term":[{"taxonomy":"product_brand","embeddable":true,"href":"https:\/\/shop.kustom.ch\/fr\/wp-json\/wp\/v2\/product_brand?post=602100"},{"taxonomy":"product_cat","embeddable":true,"href":"https:\/\/shop.kustom.ch\/fr\/wp-json\/wp\/v2\/product_cat?post=602100"},{"taxonomy":"product_tag","embeddable":true,"href":"https:\/\/shop.kustom.ch\/fr\/wp-json\/wp\/v2\/product_tag?post=602100"}],"curies":[{"name":"wp","href":"https:\/\/api.w.org\/{rel}","templated":true}]}}