{"id":602082,"date":"2025-03-05T03:17:27","date_gmt":"2025-03-05T02:17:27","guid":{"rendered":"https:\/\/shop.kustom.ch\/?post_type=product&#038;p=602082"},"modified":"2025-06-25T09:26:31","modified_gmt":"2025-06-25T08:26:31","slug":"helmet-iris-ii","status":"publish","type":"product","link":"https:\/\/shop.kustom.ch\/fr\/produit\/helmet-iris-ii\/","title":{"rendered":"Casque Iris II"},"content":{"rendered":"<p>Mat\u00e9riau : plastique ABS. Gouttes de pluie. Ventilation de la t\u00eate. Insert \u00e0 6 points avec r\u00e9glage de la molette de direction et fente pour bandeau anti-sueur pour attacher des bonnets d'oreilles. Plan sur le devant. Livr\u00e9 sans bracelet. Vision en polycarbonate. Possibilit\u00e9 de porter ses propres lunettes sous la visi\u00e8re. La visi\u00e8re se replie dans le casque lorsqu'elle n'est pas utilis\u00e9e. La visi\u00e8re est conforme \u00e0 la norme EN 166, classe 1F. Le casque est conforme \u00e0 la norme EN 397. Il est \u00e9galement conforme aux exigences suppl\u00e9mentaires suivantes de la norme EN 397 : Basse temp\u00e9rature (-30 \u00b0 C).Color 3300 n'est pas certifi\u00e9 (selon la norme EN ISO 20471).<\/p>\n<p>TISSU : jaune haute visibilit\u00e9<\/p>","protected":false},"excerpt":{"rendered":"<p>Material: ABS plastic. Rain Gutters. Ventilation. 6-point insert with steering wheel adjustment and sweat band Slot for attaching ear cups. Plan front. Delivered without bracelet. Polycarbonate Vision. Own glasses can be worn under the visor. The visor folds into the helmet when not in use. The visor complies with EN 166, Class 1F. The helmet [&hellip;]<\/p>\n","protected":false},"featured_media":0,"template":"","meta":[],"product_brand":[],"product_cat":[9643,4209],"product_tag":[],"class_list":{"0":"post-602082","1":"product","2":"type-product","3":"status-publish","5":"product_cat-equipment","6":"product_cat-zubehoer","7":"pa_brand-blaklaeder","8":"pa_brand-type-workwear","9":"pa_filter-color-blau","10":"pa_filter-color-gelb","11":"pa_filter-color-gruen","12":"pa_filter-color-weiss","14":"first","15":"instock","16":"sale","17":"taxable","18":"shipping-taxable","19":"purchasable","20":"product-type-variable","21":"add-to-wishlist-before_image"},"exclude_global_add_ons":[],"addons":[],"acf":[],"_links":{"self":[{"href":"https:\/\/shop.kustom.ch\/fr\/wp-json\/wp\/v2\/product\/602082"}],"collection":[{"href":"https:\/\/shop.kustom.ch\/fr\/wp-json\/wp\/v2\/product"}],"about":[{"href":"https:\/\/shop.kustom.ch\/fr\/wp-json\/wp\/v2\/types\/product"}],"wp:attachment":[{"href":"https:\/\/shop.kustom.ch\/fr\/wp-json\/wp\/v2\/media?parent=602082"}],"wp:term":[{"taxonomy":"product_brand","embeddable":true,"href":"https:\/\/shop.kustom.ch\/fr\/wp-json\/wp\/v2\/product_brand?post=602082"},{"taxonomy":"product_cat","embeddable":true,"href":"https:\/\/shop.kustom.ch\/fr\/wp-json\/wp\/v2\/product_cat?post=602082"},{"taxonomy":"product_tag","embeddable":true,"href":"https:\/\/shop.kustom.ch\/fr\/wp-json\/wp\/v2\/product_tag?post=602082"}],"curies":[{"name":"wp","href":"https:\/\/api.w.org\/{rel}","templated":true}]}}