{"id":602066,"date":"2025-03-05T03:16:26","date_gmt":"2025-03-05T02:16:26","guid":{"rendered":"https:\/\/shop.kustom.ch\/?post_type=product&#038;p=602066"},"modified":"2025-05-09T10:16:22","modified_gmt":"2025-05-09T09:16:22","slug":"cederroth-bloodstopper-mini-4-in-1","status":"publish","type":"product","link":"https:\/\/shop.kustom.ch\/fr\/produit\/cederroth-bloodstopper-mini-4-in-1\/","title":{"rendered":"Cederroth Bloodstopper mini 4-en-1"},"content":{"rendered":"<p>. Un pansement universel st\u00e9rile \u00e0 quatre fonctions . Pressure dressings for heavy bleeding . Rev\u00eatement de couverture pour les plaies superficielles . Br\u00fblure par la couche de surface de rev\u00eatement s\u00e5rv\u00e4nliga . \u00c9claboussures temporaires . Contient 1 tablette et 1 serviette \u00e9lastique \u00e0 usage unique<\/p>\n<p>CARACT\u00c9RISTIQUES PRINCIPALES : Unisexe. TISSU : vert<\/p>","protected":false},"excerpt":{"rendered":"<p>. A sterile universal dressing with four functions . Press dressings for heavy bleeding . Cover Dressing for superficial wounds . burn dressing by the dressing surface layer s\u00e5rv\u00e4nliga . Temporary splinting . Contains 1 tablet and 1 elasticized disposable napkins HAUPTEIGENSCHAFTEN: Unisex. STOFF: gr\u00fcn<\/p>","protected":false},"featured_media":0,"template":"","meta":[],"product_brand":[],"product_cat":[9643,4209],"product_tag":[],"class_list":{"0":"post-602066","1":"product","2":"type-product","3":"status-publish","5":"product_cat-equipment","6":"product_cat-zubehoer","7":"pa_brand-blaklaeder","8":"pa_brand-type-workwear","9":"pa_filter-color-gruen","11":"first","12":"instock","13":"sale","14":"taxable","15":"shipping-taxable","16":"purchasable","17":"product-type-variable","18":"add-to-wishlist-before_image"},"exclude_global_add_ons":[],"addons":[],"acf":[],"_links":{"self":[{"href":"https:\/\/shop.kustom.ch\/fr\/wp-json\/wp\/v2\/product\/602066"}],"collection":[{"href":"https:\/\/shop.kustom.ch\/fr\/wp-json\/wp\/v2\/product"}],"about":[{"href":"https:\/\/shop.kustom.ch\/fr\/wp-json\/wp\/v2\/types\/product"}],"wp:attachment":[{"href":"https:\/\/shop.kustom.ch\/fr\/wp-json\/wp\/v2\/media?parent=602066"}],"wp:term":[{"taxonomy":"product_brand","embeddable":true,"href":"https:\/\/shop.kustom.ch\/fr\/wp-json\/wp\/v2\/product_brand?post=602066"},{"taxonomy":"product_cat","embeddable":true,"href":"https:\/\/shop.kustom.ch\/fr\/wp-json\/wp\/v2\/product_cat?post=602066"},{"taxonomy":"product_tag","embeddable":true,"href":"https:\/\/shop.kustom.ch\/fr\/wp-json\/wp\/v2\/product_tag?post=602066"}],"curies":[{"name":"wp","href":"https:\/\/api.w.org\/{rel}","templated":true}]}}