{"id":602018,"date":"2025-03-05T03:14:36","date_gmt":"2025-03-05T02:14:36","guid":{"rendered":"https:\/\/shop.kustom.ch\/?post_type=product&#038;p=602018"},"modified":"2025-05-09T10:24:20","modified_gmt":"2025-05-09T09:24:20","slug":"hearing-protection-peltor-mt13h220a","status":"publish","type":"product","link":"https:\/\/shop.kustom.ch\/fr\/produit\/hearing-protection-peltor-mt13h220a\/","title":{"rendered":"Protection auditive Peltor MT13H220A"},"content":{"rendered":"<p>3M PELTOR ProTac III Slim hearing protection3M(tm) PELTOR(tm) ProTac(tm) III est un appareil de protection auditive avec fonction de surveillance. Cela augmente votre s\u00e9curit\u00e9 et votre s\u00fbret\u00e9, car vous \u00eates mieux \u00e0 m\u00eame d'entendre les signaux d'avertissement, les alarmes, les appels, les v\u00e9hicules \u00e0 l'envers, etc. Vous pouvez \u00e9galement communiquer avec des coll\u00e8gues dans des environnements bruyants sans avoir \u00e0 soulever la protection auditive.Microphones pour entendre les bruits ambiantsLorsque quelqu'un parle pr\u00e8s de vous, vous n'avez pas besoin de soulever la protection auditive pour entendre ce qu'il dit. La fonction de surveillance permet aux signaux de parole et d'avertissement de passer, les bruits forts et les sons \u00e0 impulsion sont att\u00e9nu\u00e9s par fractions d'une seconde afin de prot\u00e9ger votre ou\u00efe contre les blessures. Le niveau de bruit ambiant peut \u00eatre r\u00e9gl\u00e9 sur cinq niveaux jusqu'\u00e0 +1 dB maximum.Les composants \u00e9lectroniques sont mieux prot\u00e9g\u00e9sProTac III a un design \u00e0 double coque qui permet de placer tous les composants \u00e9lectroniques \u00e0 l'ext\u00e9rieur du casque, \u00e0 l'int\u00e9rieur ou \u00e0 l'int\u00e9rieur. D\u00e9sormais, les composants \u00e9lectroniques sont mieux prot\u00e9g\u00e9s de la sueur et de l'humidit\u00e9 qui pourraient autrement les endommager.Entendez le son de la sonnerie de votre t\u00e9l\u00e9phone portableEn combinaison avec un t\u00e9l\u00e9phone portable, le ProTac III peut \u00eatre votre ligne de vie avec le reste du monde. Lorsque vous connectez votre t\u00e9l\u00e9phone mobile au ProTac III via un c\u00e2ble au port 3,5 mm, vous entendrez le son de la sonnerie \u00e0 l'int\u00e9rieur du casque. Si le travail le permet, vous pouvez vous arr\u00eater et vous rendre dans un endroit s\u00fbr afin de prendre votre appel. Si tu utilises une radio communale, elle peut \u00e9galement \u00eatre connect\u00e9e pour l'\u00e9coute via le port 3.5 mm du ProTac III.Complies with PPE Directive 89\/686\/EEC and applicable parts of EN 352.<\/p>\n<p>TISSU : noir<\/p>","protected":false},"excerpt":{"rendered":"<p>3M PELTOR ProTac III Slim hearing protection3M(tm) PELTOR(tm) ProTac(tm) III is a hearing protection device with monitoring function. This increases your safety and security as you are better able to hear warning signals, alarms, calls, reversing vehciles, etc. You are also able to communicate with colleagues in noisy environments without having to lift the hearing [&hellip;]<\/p>\n","protected":false},"featured_media":602088,"template":"","meta":[],"product_brand":[],"product_cat":[9643,4209],"product_tag":[],"class_list":{"0":"post-602018","1":"product","2":"type-product","3":"status-publish","4":"has-post-thumbnail","6":"product_cat-equipment","7":"product_cat-zubehoer","8":"pa_brand-blaklaeder","9":"pa_brand-type-workwear","10":"pa_filter-color-schwarz","12":"first","13":"instock","14":"sale","15":"taxable","16":"shipping-taxable","17":"purchasable","18":"product-type-variable","19":"add-to-wishlist-before_image"},"exclude_global_add_ons":[],"addons":[],"acf":[],"_links":{"self":[{"href":"https:\/\/shop.kustom.ch\/fr\/wp-json\/wp\/v2\/product\/602018"}],"collection":[{"href":"https:\/\/shop.kustom.ch\/fr\/wp-json\/wp\/v2\/product"}],"about":[{"href":"https:\/\/shop.kustom.ch\/fr\/wp-json\/wp\/v2\/types\/product"}],"wp:featuredmedia":[{"embeddable":true,"href":"https:\/\/shop.kustom.ch\/fr\/wp-json\/wp\/v2\/media\/602088"}],"wp:attachment":[{"href":"https:\/\/shop.kustom.ch\/fr\/wp-json\/wp\/v2\/media?parent=602018"}],"wp:term":[{"taxonomy":"product_brand","embeddable":true,"href":"https:\/\/shop.kustom.ch\/fr\/wp-json\/wp\/v2\/product_brand?post=602018"},{"taxonomy":"product_cat","embeddable":true,"href":"https:\/\/shop.kustom.ch\/fr\/wp-json\/wp\/v2\/product_cat?post=602018"},{"taxonomy":"product_tag","embeddable":true,"href":"https:\/\/shop.kustom.ch\/fr\/wp-json\/wp\/v2\/product_tag?post=602018"}],"curies":[{"name":"wp","href":"https:\/\/api.w.org\/{rel}","templated":true}]}}