{"id":602008,"date":"2025-03-05T03:14:02","date_gmt":"2025-03-05T02:14:02","guid":{"rendered":"https:\/\/shop.kustom.ch\/?post_type=product&#038;p=602008"},"modified":"2025-06-25T09:26:57","modified_gmt":"2025-06-25T08:26:57","slug":"safety-helmet-3m-securefit-x5500v-ce","status":"publish","type":"product","link":"https:\/\/shop.kustom.ch\/fr\/produit\/safety-helmet-3m-securefit-x5500v-ce\/","title":{"rendered":"Casque de s\u00e9curit\u00e9 3M Securefit X5500V-CE"},"content":{"rendered":"<p>Protection de la t\u00eate s\u00fbre et confortable contre les petites chutes d'objets et pour une utilisation industrielle g\u00e9n\u00e9rale Le syst\u00e8me de suspension int\u00e8gre la technologie de diffusion de pression brevet\u00e9e exclusive de 3MT La suspension \u00e0 cliquet \u00e0 4 points permet au porteur de personnaliser la hauteur et l'ajustement avec plusieurs niveaux de r\u00e9glage vertical Inspir\u00e9 des casques d'escalade avec un design sans bordures pour vous donner une vue claire vers le haut<\/p>\n<p>TISSU : jaune<\/p>","protected":false},"excerpt":{"rendered":"<p>Secure, comfortable head protection against small falling objects and for general industrial use Suspension system incorporates exclusive patented 3MT Pressure Diffusion Technology 4-point ratchet suspension allows wearer to customise height and fit with multiple levels of vertical adjustment Inspired by climbing helmets with a brimless design to give you a clear upward view STOFF: gelb<\/p>","protected":false},"featured_media":602077,"template":"","meta":[],"product_brand":[],"product_cat":[9643,4209],"product_tag":[],"class_list":{"0":"post-602008","1":"product","2":"type-product","3":"status-publish","4":"has-post-thumbnail","6":"product_cat-equipment","7":"product_cat-zubehoer","8":"pa_brand-blaklaeder","9":"pa_brand-type-workwear","10":"pa_filter-color-blau","11":"pa_filter-color-gelb","12":"pa_filter-color-gruen","13":"pa_filter-color-orange","14":"pa_filter-color-rot","15":"pa_filter-color-schwarz","16":"pa_filter-color-weiss","18":"first","19":"instock","20":"sale","21":"taxable","22":"shipping-taxable","23":"purchasable","24":"product-type-variable","25":"add-to-wishlist-before_image"},"exclude_global_add_ons":[],"addons":[],"acf":[],"_links":{"self":[{"href":"https:\/\/shop.kustom.ch\/fr\/wp-json\/wp\/v2\/product\/602008"}],"collection":[{"href":"https:\/\/shop.kustom.ch\/fr\/wp-json\/wp\/v2\/product"}],"about":[{"href":"https:\/\/shop.kustom.ch\/fr\/wp-json\/wp\/v2\/types\/product"}],"wp:featuredmedia":[{"embeddable":true,"href":"https:\/\/shop.kustom.ch\/fr\/wp-json\/wp\/v2\/media\/602077"}],"wp:attachment":[{"href":"https:\/\/shop.kustom.ch\/fr\/wp-json\/wp\/v2\/media?parent=602008"}],"wp:term":[{"taxonomy":"product_brand","embeddable":true,"href":"https:\/\/shop.kustom.ch\/fr\/wp-json\/wp\/v2\/product_brand?post=602008"},{"taxonomy":"product_cat","embeddable":true,"href":"https:\/\/shop.kustom.ch\/fr\/wp-json\/wp\/v2\/product_cat?post=602008"},{"taxonomy":"product_tag","embeddable":true,"href":"https:\/\/shop.kustom.ch\/fr\/wp-json\/wp\/v2\/product_tag?post=602008"}],"curies":[{"name":"wp","href":"https:\/\/api.w.org\/{rel}","templated":true}]}}