{"id":602005,"date":"2025-03-05T03:14:01","date_gmt":"2025-03-05T02:14:01","guid":{"rendered":"https:\/\/shop.kustom.ch\/?post_type=product&#038;p=602005"},"modified":"2025-05-09T10:17:02","modified_gmt":"2025-05-09T09:17:02","slug":"sterilized-personal-rinsing-solution-for-eyes","status":"publish","type":"product","link":"https:\/\/shop.kustom.ch\/fr\/produit\/sterilized-personal-rinsing-solution-for-eyes\/","title":{"rendered":"Solution de rin\u00e7age personnelle st\u00e9rile pour les yeux."},"content":{"rendered":"<p>La Diphot\u00e9rine est une solution nettoyante neutralisante pour tous les types d'\u00e9claboussures chimiques, sur la peau comme sur les yeux. La Diphot\u00e9rine \u00e9limine et contrecarre les \u00e9claboussures de produits chimiques agressifs, y compris les alcalis (lye) et les acides. Usage unique uniquement. Dure 2 ans.<\/p>\n<p>TISSU : orange<\/p>","protected":false},"excerpt":{"rendered":"<p>Diphoterine is a neutralising rinsing solution for all types of chemical splashes, on skin as well as eyes. Diphoterine eliminates and counteracts splashes from aggressive chemicals, including alkalis (lye) and acids. One-time use only. Lasts 2 years. STOFF: orange<\/p>","protected":false},"featured_media":0,"template":"","meta":[],"product_brand":[],"product_cat":[9643,4209],"product_tag":[],"class_list":{"0":"post-602005","1":"product","2":"type-product","3":"status-publish","5":"product_cat-equipment","6":"product_cat-zubehoer","7":"pa_brand-blaklaeder","8":"pa_brand-type-workwear","9":"pa_filter-color-orange","11":"first","12":"instock","13":"sale","14":"taxable","15":"shipping-taxable","16":"purchasable","17":"product-type-variable","18":"add-to-wishlist-before_image"},"exclude_global_add_ons":[],"addons":[],"acf":[],"_links":{"self":[{"href":"https:\/\/shop.kustom.ch\/fr\/wp-json\/wp\/v2\/product\/602005"}],"collection":[{"href":"https:\/\/shop.kustom.ch\/fr\/wp-json\/wp\/v2\/product"}],"about":[{"href":"https:\/\/shop.kustom.ch\/fr\/wp-json\/wp\/v2\/types\/product"}],"wp:attachment":[{"href":"https:\/\/shop.kustom.ch\/fr\/wp-json\/wp\/v2\/media?parent=602005"}],"wp:term":[{"taxonomy":"product_brand","embeddable":true,"href":"https:\/\/shop.kustom.ch\/fr\/wp-json\/wp\/v2\/product_brand?post=602005"},{"taxonomy":"product_cat","embeddable":true,"href":"https:\/\/shop.kustom.ch\/fr\/wp-json\/wp\/v2\/product_cat?post=602005"},{"taxonomy":"product_tag","embeddable":true,"href":"https:\/\/shop.kustom.ch\/fr\/wp-json\/wp\/v2\/product_tag?post=602005"}],"curies":[{"name":"wp","href":"https:\/\/api.w.org\/{rel}","templated":true}]}}