{"id":601996,"date":"2025-03-05T03:13:28","date_gmt":"2025-03-05T02:13:28","guid":{"rendered":"https:\/\/shop.kustom.ch\/?post_type=product&#038;p=601996"},"modified":"2025-05-09T10:17:29","modified_gmt":"2025-05-09T09:17:29","slug":"uvex-superfit-etc-spectacles","status":"publish","type":"product","link":"https:\/\/shop.kustom.ch\/fr\/produit\/uvex-superfit-etc-spectacles\/","title":{"rendered":"Uvex Superfit ETC Spectacles"},"content":{"rendered":"<p>Les lunettes de s\u00e9curit\u00e9 uvex super fit combinent toutes les caract\u00e9ristiques des lunettes modernes avec les avantages des mat\u00e9riaux de pointe. La lentille enveloppante ultra-mince avec une courbure de base de 6,5 offre une excellente protection contre les risques m\u00e9caniques. Les lunettes sont en permanence exemptes de bu\u00e9e des deux c\u00f4t\u00e9s gr\u00e2ce \u00e0 leur rev\u00eatement ETC - ce qui les rend parfaites pour le travail dans des zones \u00e0 forte humidit\u00e9 et aux temp\u00e9ratures en constante \u00e9volution.<\/p>","protected":false},"excerpt":{"rendered":"<p>The uvex super fit safety spectacles combine all the features of contemporary spectacles with the benefits of cutting-edge materials. The ultra-thin wrap-around lens with 6.5 base curvature provides excellent protection against mechanical hazards. The spectacles are permanently fog-free on both sides thanks to their ETC coating &#8211; this makes them perfect for work in areas [&hellip;]<\/p>\n","protected":false},"featured_media":0,"template":"","meta":[],"product_brand":[],"product_cat":[9643,4209],"product_tag":[],"class_list":{"0":"post-601996","1":"product","2":"type-product","3":"status-publish","5":"product_cat-equipment","6":"product_cat-zubehoer","7":"pa_brand-blaklaeder","8":"pa_brand-type-workwear","10":"first","11":"instock","12":"sale","13":"taxable","14":"shipping-taxable","15":"purchasable","16":"product-type-variable","17":"add-to-wishlist-before_image"},"exclude_global_add_ons":[],"addons":[],"acf":[],"_links":{"self":[{"href":"https:\/\/shop.kustom.ch\/fr\/wp-json\/wp\/v2\/product\/601996"}],"collection":[{"href":"https:\/\/shop.kustom.ch\/fr\/wp-json\/wp\/v2\/product"}],"about":[{"href":"https:\/\/shop.kustom.ch\/fr\/wp-json\/wp\/v2\/types\/product"}],"wp:attachment":[{"href":"https:\/\/shop.kustom.ch\/fr\/wp-json\/wp\/v2\/media?parent=601996"}],"wp:term":[{"taxonomy":"product_brand","embeddable":true,"href":"https:\/\/shop.kustom.ch\/fr\/wp-json\/wp\/v2\/product_brand?post=601996"},{"taxonomy":"product_cat","embeddable":true,"href":"https:\/\/shop.kustom.ch\/fr\/wp-json\/wp\/v2\/product_cat?post=601996"},{"taxonomy":"product_tag","embeddable":true,"href":"https:\/\/shop.kustom.ch\/fr\/wp-json\/wp\/v2\/product_tag?post=601996"}],"curies":[{"name":"wp","href":"https:\/\/api.w.org\/{rel}","templated":true}]}}