{"id":601994,"date":"2025-03-05T03:13:27","date_gmt":"2025-03-05T02:13:27","guid":{"rendered":"https:\/\/shop.kustom.ch\/?post_type=product&#038;p=601994"},"modified":"2025-06-25T09:26:38","modified_gmt":"2025-06-25T08:26:38","slug":"hard-hat-peltor-g3000-with-uv-indicator","status":"publish","type":"product","link":"https:\/\/shop.kustom.ch\/fr\/produit\/hard-hat-peltor-g3000-with-uv-indicator\/","title":{"rendered":"HARD HAT PELTOR G3000 WITH UV INDICATOR"},"content":{"rendered":"<p>Classe de protection maximale, -30 \u00b0 C et m\u00e9tal fondu (MM). Il a un r\u00e9glage de la direction. . Mat\u00e9riaux Plastique ABS stabilis\u00e9 aux UV avec une grande r\u00e9sistance \u00e0 l'impact. . Pas de bords tranchants ou de protrusions. R\u00e9duit le risque que n'importe quelle partie du casque se coince dans les branches et autres. . Am\u00e9lioration de la ventilation. Plus de trous de ventilation r\u00e9partis sur une plus grande surface permettant une plus grande circulation. . \u00c9cran plus court. Offre un champ de vision plus large. . Hauteur int\u00e9rieure r\u00e9glable pour une s\u00e9curit\u00e9 maximale et une adaptation individuelle. . Possibilit\u00e9 de retourner l'int\u00e9rieur \u00e0 l'avant et \u00e0 l'arri\u00e8re. Un grand avantage pour l'escalade et pour le travail dans des espaces confin\u00e9s, sur inspection mm. . Le G3000NUV peut \u00eatre \u00e9quip\u00e9 de la gamme de visi\u00e8res Peltor, d'une protection auditive avec fixation pour casque P3E, d'un harnais GH1 et d'une protection contre la pluie. . Le G3000NUV est \u00e9quip\u00e9 d'un indicateur Peltor Uvicator qui signale la pr\u00e9sence de rayons UV et indique quand il est temps de remplacer le casque. La couleur ronde de l'indicateur est rouge pour un casque neuf et perd progressivement sa couleur au fur et \u00e0 mesure de son utilisation \u00e0 l'ext\u00e9rieur. Lorsque Uvicatorn a perdu toute sa couleur, le casque doit \u00eatre mis au rebut. Dur\u00e9e de vie 2-5 ans apr\u00e8s fabrication selon les casques expos\u00e9s. . Taille 54-62 . Poids 315 g, 357 g de r\u00e9glage de la direction Livr\u00e9 sans chinstrap. Casque d'apprenti avec rouge de direction, avec marques blanches sur l'ext\u00e9rieur du casque, Bl\u00e5kl\u00e4der Part 978000005610 Complies with EN 397. Color 3300 is not highvis-certified.<\/p>\n<p>CHINSTRAP : broches \u00e0 3 points. POIDS : 357 g. COULEUR : ABS-plast. CERTIFICATION : EN397:2012,Till\u00e4gg f\u00f6r -30\u00b0 C, LD (Sidotrycksgodk\u00e4nd)<\/p>","protected":false},"excerpt":{"rendered":"<p>Maximum protection class, -30 \u00b0 C and molten metal (MM). It has steering adjustment. . Materials UV stabilized ABS plastic with high impact resistance. . No sharp edges or protrusions. Reduces the risk of any part of the helmet stuck in the branches and the like. . Improved ventilation. More ventilation holes distributed over a [&hellip;]<\/p>\n","protected":false},"featured_media":602049,"template":"","meta":[],"product_brand":[],"product_cat":[9643,4209],"product_tag":[],"class_list":{"0":"post-601994","1":"product","2":"type-product","3":"status-publish","4":"has-post-thumbnail","6":"product_cat-equipment","7":"product_cat-zubehoer","8":"pa_brand-blaklaeder","9":"pa_brand-type-workwear","10":"pa_filter-color-blau","11":"pa_filter-color-gelb","12":"pa_filter-color-gruen","13":"pa_filter-color-rot","14":"pa_filter-color-weiss","16":"first","17":"instock","18":"sale","19":"taxable","20":"shipping-taxable","21":"purchasable","22":"product-type-variable","23":"add-to-wishlist-before_image"},"exclude_global_add_ons":[],"addons":[],"acf":[],"_links":{"self":[{"href":"https:\/\/shop.kustom.ch\/fr\/wp-json\/wp\/v2\/product\/601994"}],"collection":[{"href":"https:\/\/shop.kustom.ch\/fr\/wp-json\/wp\/v2\/product"}],"about":[{"href":"https:\/\/shop.kustom.ch\/fr\/wp-json\/wp\/v2\/types\/product"}],"wp:featuredmedia":[{"embeddable":true,"href":"https:\/\/shop.kustom.ch\/fr\/wp-json\/wp\/v2\/media\/602049"}],"wp:attachment":[{"href":"https:\/\/shop.kustom.ch\/fr\/wp-json\/wp\/v2\/media?parent=601994"}],"wp:term":[{"taxonomy":"product_brand","embeddable":true,"href":"https:\/\/shop.kustom.ch\/fr\/wp-json\/wp\/v2\/product_brand?post=601994"},{"taxonomy":"product_cat","embeddable":true,"href":"https:\/\/shop.kustom.ch\/fr\/wp-json\/wp\/v2\/product_cat?post=601994"},{"taxonomy":"product_tag","embeddable":true,"href":"https:\/\/shop.kustom.ch\/fr\/wp-json\/wp\/v2\/product_tag?post=601994"}],"curies":[{"name":"wp","href":"https:\/\/api.w.org\/{rel}","templated":true}]}}