{"id":601890,"date":"2025-03-05T03:09:29","date_gmt":"2025-03-05T02:09:29","guid":{"rendered":"https:\/\/shop.kustom.ch\/?post_type=product&#038;p=601890"},"modified":"2025-05-09T10:17:57","modified_gmt":"2025-05-09T09:17:57","slug":"earmuffs-kask-sc1","status":"publish","type":"product","link":"https:\/\/shop.kustom.ch\/fr\/produit\/earmuffs-kask-sc1\/","title":{"rendered":"Earmuffs KASK SC1"},"content":{"rendered":"<p>Les manchons SC1 verts sont utilis\u00e9s dans les zones de travail industrielles en g\u00e9n\u00e9ral. Ils conviennent aux situations pr\u00e9sentant un niveau de bruit (dB) faible \u00e0 moyen et une fr\u00e9quence moyenne \u00e0 \u00e9lev\u00e9e. . Fixation sur le casque avec un adaptateur \u00e0 ba\u00efonnette . Fente universelle de 30 mm pour l'euro . R\u00e9glage de la taille t\u00e9lescopique en douceur . Non-conducteur . Certifi\u00e9 pour une utilisation avec le casque KASK Complies to EN 352-3:2002 .<\/p>\n<p>TISSU : vert<\/p>","protected":false},"excerpt":{"rendered":"<p>The green SC1 earmuffs are used in general industrial work areas. Suitable for situations with a low to medium noise level (dB) and with medium to high frequency. . Attachment to the helmet with a bayonet adapter . Universal 30 mm euro slot . Smooth telescopic size regulation . Non-conductive . Certified for use with [&hellip;]<\/p>\n","protected":false},"featured_media":0,"template":"","meta":[],"product_brand":[],"product_cat":[9643,4209],"product_tag":[],"class_list":{"0":"post-601890","1":"product","2":"type-product","3":"status-publish","5":"product_cat-equipment","6":"product_cat-zubehoer","7":"pa_brand-blaklaeder","8":"pa_brand-type-workwear","9":"pa_filter-color-gruen","10":"pa_filter-color-schwarz","12":"first","13":"instock","14":"sale","15":"taxable","16":"shipping-taxable","17":"purchasable","18":"product-type-variable","19":"add-to-wishlist-before_image"},"exclude_global_add_ons":[],"addons":[],"acf":[],"_links":{"self":[{"href":"https:\/\/shop.kustom.ch\/fr\/wp-json\/wp\/v2\/product\/601890"}],"collection":[{"href":"https:\/\/shop.kustom.ch\/fr\/wp-json\/wp\/v2\/product"}],"about":[{"href":"https:\/\/shop.kustom.ch\/fr\/wp-json\/wp\/v2\/types\/product"}],"wp:attachment":[{"href":"https:\/\/shop.kustom.ch\/fr\/wp-json\/wp\/v2\/media?parent=601890"}],"wp:term":[{"taxonomy":"product_brand","embeddable":true,"href":"https:\/\/shop.kustom.ch\/fr\/wp-json\/wp\/v2\/product_brand?post=601890"},{"taxonomy":"product_cat","embeddable":true,"href":"https:\/\/shop.kustom.ch\/fr\/wp-json\/wp\/v2\/product_cat?post=601890"},{"taxonomy":"product_tag","embeddable":true,"href":"https:\/\/shop.kustom.ch\/fr\/wp-json\/wp\/v2\/product_tag?post=601890"}],"curies":[{"name":"wp","href":"https:\/\/api.w.org\/{rel}","templated":true}]}}