{"id":601877,"date":"2025-03-05T03:08:52","date_gmt":"2025-03-05T02:08:52","guid":{"rendered":"https:\/\/shop.kustom.ch\/?post_type=product&#038;p=601877"},"modified":"2025-05-09T10:14:53","modified_gmt":"2025-05-09T09:14:53","slug":"ansell-solvex-plus-37-675","status":"publish","type":"product","link":"https:\/\/shop.kustom.ch\/fr\/produit\/ansell-solvex-plus-37-675\/","title":{"rendered":"Ansell Solvex Plus 37-675"},"content":{"rendered":"<p>Gant en caoutchouc nitrile pour une manipulation s\u00fbre dans une vari\u00e9t\u00e9 d'environnements o\u00f9 des produits chimiques durs sont pr\u00e9sents. Convient au traitement et \u00e0 la pr\u00e9paration de produits chimiques, au raffinage, au p\u00e9trole et au gaz, \u00e0 la m\u00e9tallurgie, \u00e0 l'industrie de l'imprimerie Donn\u00e9es techniques . Mat\u00e9riau : Nitrile . Doublure : Napp\u00e9e . \u00c9paisseur : 0:38 etc. . Certification : EN374 . Complies with : Cat 3 : EN388 : 4101, EN374, EN374 : JKL . Couleur : Vert Prix\/paire . Vendues en paquets de 12 paires, 12<\/p>\n<p>TISSU : vert. CONDITIONNEMENT : 12<\/p>","protected":false},"excerpt":{"rendered":"<p>Nitrile rubber glove for safe handling in a variety of environments where harsh chemicals are present. Suitable for chemical processing and preparation, refining, oil and gas, metal, printing industry Technical data . Material: Nitrile . Lining: napped . Thickness: 0:38 etc. . Certification: EN374 . Complies with: Cat 3: EN388: 4101, EN374, EN374: JKL . [&hellip;]<\/p>\n","protected":false},"featured_media":0,"template":"","meta":[],"product_brand":[],"product_cat":[4180],"product_tag":[],"class_list":{"0":"post-601877","1":"product","2":"type-product","3":"status-publish","5":"product_cat-handschuhe","6":"pa_brand-blaklaeder","7":"pa_brand-type-workwear","8":"pa_filter-color-gruen","10":"first","11":"instock","12":"sale","13":"taxable","14":"shipping-taxable","15":"purchasable","16":"product-type-variable","17":"add-to-wishlist-before_image"},"exclude_global_add_ons":[],"addons":[],"acf":[],"_links":{"self":[{"href":"https:\/\/shop.kustom.ch\/fr\/wp-json\/wp\/v2\/product\/601877"}],"collection":[{"href":"https:\/\/shop.kustom.ch\/fr\/wp-json\/wp\/v2\/product"}],"about":[{"href":"https:\/\/shop.kustom.ch\/fr\/wp-json\/wp\/v2\/types\/product"}],"wp:attachment":[{"href":"https:\/\/shop.kustom.ch\/fr\/wp-json\/wp\/v2\/media?parent=601877"}],"wp:term":[{"taxonomy":"product_brand","embeddable":true,"href":"https:\/\/shop.kustom.ch\/fr\/wp-json\/wp\/v2\/product_brand?post=601877"},{"taxonomy":"product_cat","embeddable":true,"href":"https:\/\/shop.kustom.ch\/fr\/wp-json\/wp\/v2\/product_cat?post=601877"},{"taxonomy":"product_tag","embeddable":true,"href":"https:\/\/shop.kustom.ch\/fr\/wp-json\/wp\/v2\/product_tag?post=601877"}],"curies":[{"name":"wp","href":"https:\/\/api.w.org\/{rel}","templated":true}]}}