{"id":601876,"date":"2025-03-05T03:08:52","date_gmt":"2025-03-05T02:08:52","guid":{"rendered":"https:\/\/shop.kustom.ch\/?post_type=product&#038;p=601876"},"modified":"2025-05-09T10:17:59","modified_gmt":"2025-05-09T09:17:59","slug":"earmuffs-kask-sc2","status":"publish","type":"product","link":"https:\/\/shop.kustom.ch\/fr\/produit\/earmuffs-kask-sc2\/","title":{"rendered":"Earmuffs KASK SC2"},"content":{"rendered":"<p>Les manchons SC2 noirs\/jaunes sont adapt\u00e9s aux environnements pr\u00e9sentant un niveau de bruit moyen \u00e0 \u00e9lev\u00e9 (dB).Le meilleur choix dans les situations de bruit \u00e0 haute fr\u00e9quence.Convient \u00e0 une grande vari\u00e9t\u00e9 d'utilisations telles que : le b\u00e2timent et la construction, l'utilisation foresti\u00e8re, les zones industrielles, les zones de production, l'agriculture, etc. R\u00e9glage de la taille t\u00e9lescopique en douceur . Non-conducteur . Certifi\u00e9 pour une utilisation avec le casque KASK . S'attache au casque avec un adaptateur \u00e0 ba\u00efonnette (vendu s\u00e9par\u00e9ment) Conforme \u00e0 la norme EN 352-3:2002.<\/p>\n<p>TISSU : noir<\/p>","protected":false},"excerpt":{"rendered":"<p>The Black\/Yellow SC2 earmuffs are suitable for environments with a medium to high level of noise (dB).The best choice in high frequency noise situations.Suitable for a wide variety of uses such as: building and construction, forestry use, industrial areas, production areas, agriculture, etc. . Smooth telescopic size regulation . Non-conductive . Certified for use with [&hellip;]<\/p>\n","protected":false},"featured_media":0,"template":"","meta":[],"product_brand":[],"product_cat":[9643,4209],"product_tag":[],"class_list":{"0":"post-601876","1":"product","2":"type-product","3":"status-publish","5":"product_cat-equipment","6":"product_cat-zubehoer","7":"pa_brand-blaklaeder","8":"pa_brand-type-workwear","9":"pa_filter-color-gelb","10":"pa_filter-color-schwarz","12":"first","13":"instock","14":"sale","15":"taxable","16":"shipping-taxable","17":"purchasable","18":"product-type-variable","19":"add-to-wishlist-before_image"},"exclude_global_add_ons":[],"addons":[],"acf":[],"_links":{"self":[{"href":"https:\/\/shop.kustom.ch\/fr\/wp-json\/wp\/v2\/product\/601876"}],"collection":[{"href":"https:\/\/shop.kustom.ch\/fr\/wp-json\/wp\/v2\/product"}],"about":[{"href":"https:\/\/shop.kustom.ch\/fr\/wp-json\/wp\/v2\/types\/product"}],"wp:attachment":[{"href":"https:\/\/shop.kustom.ch\/fr\/wp-json\/wp\/v2\/media?parent=601876"}],"wp:term":[{"taxonomy":"product_brand","embeddable":true,"href":"https:\/\/shop.kustom.ch\/fr\/wp-json\/wp\/v2\/product_brand?post=601876"},{"taxonomy":"product_cat","embeddable":true,"href":"https:\/\/shop.kustom.ch\/fr\/wp-json\/wp\/v2\/product_cat?post=601876"},{"taxonomy":"product_tag","embeddable":true,"href":"https:\/\/shop.kustom.ch\/fr\/wp-json\/wp\/v2\/product_tag?post=601876"}],"curies":[{"name":"wp","href":"https:\/\/api.w.org\/{rel}","templated":true}]}}