{"id":601875,"date":"2025-03-05T03:08:51","date_gmt":"2025-03-05T02:08:51","guid":{"rendered":"https:\/\/shop.kustom.ch\/?post_type=product&#038;p=601875"},"modified":"2025-05-09T10:17:49","modified_gmt":"2025-05-09T09:17:49","slug":"helmet-hearing-protection-kask-sc3","status":"publish","type":"product","link":"https:\/\/shop.kustom.ch\/fr\/produit\/helmet-hearing-protection-kask-sc3\/","title":{"rendered":"Casque de protection auditive KASK SC3"},"content":{"rendered":"<p>Noise reduction SC3 orange headphone, sont indiqu\u00e9s dans les situations de bruit de basse fr\u00e9quence. Convient pour les environnements extr\u00eamement bruyants tels que les a\u00e9roports, les courses de voitures, lors de l'utilisation du marteau-pilon, etc. S'adapte \u00e0 la plupart des casquettes du march\u00e9 avec des fentes universelles. Les oreillettes peuvent \u00eatre plac\u00e9es dans trois positions : utilisation, veille pour permettre l'audition et stockage en haut et \u00e0 l'\u00e9cart lorsqu'elles ne sont pas n\u00e9cessaires. Le design \u00e0 profil mince augmente la stabilit\u00e9 et r\u00e9duit le risque d'accrochage dans les espaces restreints. Le r\u00e9glage t\u00e9lescopique en un seul point am\u00e9liore le confort, la stabilit\u00e9 et la dur\u00e9e d'utilisation. Les coussinets souples et larges sont dot\u00e9s d'un syst\u00e8me d'encliquetage pour un remplacement facile. Non-conducteur et certifi\u00e9 pour une utilisation avec le casque KASK. Les accessoires optionnels sont KAS-WAC00003 - Adaptateur \u00e0 ba\u00efonnette Kask pour la protection auditive. Norme : EN 352-3:2002.<\/p>\n<p>TISSU : orange haute visibilit\u00e9<\/p>","protected":false},"excerpt":{"rendered":"<p>Noise reduction SC3 orange headphone, are indicated in the low-frequency noise situations. Suitable for extremely noisy environments such as airports, car racing, while using the jackhammer, etc. Fits most cap-style hard hats on the market with universal slots. Ear cups can be placed in three positions: usage, stand-by to allow hearing and storage up and [&hellip;]<\/p>\n","protected":false},"featured_media":0,"template":"","meta":[],"product_brand":[],"product_cat":[9643,4209],"product_tag":[],"class_list":{"0":"post-601875","1":"product","2":"type-product","3":"status-publish","5":"product_cat-equipment","6":"product_cat-zubehoer","7":"pa_brand-blaklaeder","8":"pa_brand-type-workwear","9":"pa_filter-color-orange","10":"pa_filter-color-schwarz","12":"first","13":"instock","14":"sale","15":"taxable","16":"shipping-taxable","17":"purchasable","18":"product-type-variable","19":"add-to-wishlist-before_image"},"exclude_global_add_ons":[],"addons":[],"acf":[],"_links":{"self":[{"href":"https:\/\/shop.kustom.ch\/fr\/wp-json\/wp\/v2\/product\/601875"}],"collection":[{"href":"https:\/\/shop.kustom.ch\/fr\/wp-json\/wp\/v2\/product"}],"about":[{"href":"https:\/\/shop.kustom.ch\/fr\/wp-json\/wp\/v2\/types\/product"}],"wp:attachment":[{"href":"https:\/\/shop.kustom.ch\/fr\/wp-json\/wp\/v2\/media?parent=601875"}],"wp:term":[{"taxonomy":"product_brand","embeddable":true,"href":"https:\/\/shop.kustom.ch\/fr\/wp-json\/wp\/v2\/product_brand?post=601875"},{"taxonomy":"product_cat","embeddable":true,"href":"https:\/\/shop.kustom.ch\/fr\/wp-json\/wp\/v2\/product_cat?post=601875"},{"taxonomy":"product_tag","embeddable":true,"href":"https:\/\/shop.kustom.ch\/fr\/wp-json\/wp\/v2\/product_tag?post=601875"}],"curies":[{"name":"wp","href":"https:\/\/api.w.org\/{rel}","templated":true}]}}