{"id":601853,"date":"2025-03-05T03:08:08","date_gmt":"2025-03-05T02:08:08","guid":{"rendered":"https:\/\/shop.kustom.ch\/?post_type=product&#038;p=601853"},"modified":"2025-05-09T10:25:45","modified_gmt":"2025-05-09T09:25:45","slug":"protective-eyewear-uvex-9160-i-vo","status":"publish","type":"product","link":"https:\/\/shop.kustom.ch\/fr\/produit\/protective-eyewear-uvex-9160-i-vo\/","title":{"rendered":"Protective eyewear Uvex 9160 i-vo"},"content":{"rendered":"<p>Lentille en polycarbonate clair.Lentille r\u00e9glable en longueur.Bandeau r\u00e9glable, adapt\u00e9 \u00e0 une utilisation en combinaison avec une protection auditive.Supravision excellence a un traitement anti-bu\u00e9e \u00e0 l'int\u00e9rieur et est extr\u00eamement r\u00e9sistant aux rayures \u00e0 l'ext\u00e9rieur et a une bonne r\u00e9sistance aux produits chimiques.Complies with EN 166, class 1F and EN 170.<\/p>","protected":false},"excerpt":{"rendered":"<p>Lentille en polycarbonate clair.Lentille r\u00e9glable en longueur.Bandeau r\u00e9glable, adapt\u00e9 \u00e0 une utilisation en combinaison avec une protection auditive.Supravision excellence a un traitement anti-bu\u00e9e \u00e0 l'int\u00e9rieur et est extr\u00eamement r\u00e9sistant aux rayures \u00e0 l'ext\u00e9rieur et a une bonne r\u00e9sistance aux produits chimiques.Complies with EN 166, class 1F and EN 170.<\/p>","protected":false},"featured_media":601905,"template":"","meta":[],"product_brand":[],"product_cat":[9643,4209],"product_tag":[],"class_list":{"0":"post-601853","1":"product","2":"type-product","3":"status-publish","4":"has-post-thumbnail","6":"product_cat-equipment","7":"product_cat-zubehoer","8":"pa_brand-blaklaeder","9":"pa_brand-type-workwear","11":"first","12":"instock","13":"sale","14":"taxable","15":"shipping-taxable","16":"purchasable","17":"product-type-variable","18":"add-to-wishlist-before_image"},"exclude_global_add_ons":[],"addons":[],"acf":[],"_links":{"self":[{"href":"https:\/\/shop.kustom.ch\/fr\/wp-json\/wp\/v2\/product\/601853"}],"collection":[{"href":"https:\/\/shop.kustom.ch\/fr\/wp-json\/wp\/v2\/product"}],"about":[{"href":"https:\/\/shop.kustom.ch\/fr\/wp-json\/wp\/v2\/types\/product"}],"wp:featuredmedia":[{"embeddable":true,"href":"https:\/\/shop.kustom.ch\/fr\/wp-json\/wp\/v2\/media\/601905"}],"wp:attachment":[{"href":"https:\/\/shop.kustom.ch\/fr\/wp-json\/wp\/v2\/media?parent=601853"}],"wp:term":[{"taxonomy":"product_brand","embeddable":true,"href":"https:\/\/shop.kustom.ch\/fr\/wp-json\/wp\/v2\/product_brand?post=601853"},{"taxonomy":"product_cat","embeddable":true,"href":"https:\/\/shop.kustom.ch\/fr\/wp-json\/wp\/v2\/product_cat?post=601853"},{"taxonomy":"product_tag","embeddable":true,"href":"https:\/\/shop.kustom.ch\/fr\/wp-json\/wp\/v2\/product_tag?post=601853"}],"curies":[{"name":"wp","href":"https:\/\/api.w.org\/{rel}","templated":true}]}}