{"id":601852,"date":"2025-03-05T03:08:08","date_gmt":"2025-03-05T02:08:08","guid":{"rendered":"https:\/\/shop.kustom.ch\/?post_type=product&#038;p=601852"},"modified":"2025-05-09T10:21:53","modified_gmt":"2025-05-09T09:21:53","slug":"schutzbrille-uvex-9198-pheos-cx2","status":"publish","type":"product","link":"https:\/\/shop.kustom.ch\/fr\/produit\/schutzbrille-uvex-9198-pheos-cx2\/","title":{"rendered":"Lunettes de protection Uvex 9198 Pheos cx2"},"content":{"rendered":"<p>Les lunettes de protection claires Uvex Pheos CX2 9198, dot\u00e9es d'une technologie innovante \u00e0 deux composants, offrent une excellente r\u00e9sistance \u00e0 la p\u00e9n\u00e9tration de la poussi\u00e8re et de l'eau et prot\u00e8gent l'utilisateur dans toutes les conditions. Elles sont \u00e9galement con\u00e7ues pour s'adapter parfaitement au visage de l'utilisateur et offrir un excellent confort et une protection 100%. Lunettes de protection \u00e0 branches \u00e9troites au design moderne et sportif Les composants souples, directement reli\u00e9s \u00e0 la lentille, emp\u00eachent la p\u00e9n\u00e9tration de la poussi\u00e8re et de l'eau. Gr\u00e2ce \u00e0 leur g\u00e9om\u00e9trie fine, elles sont faciles \u00e0 porter avec des protections auditives, des casques et des coquilles antichocs. Technologie de bras lat\u00e9ral X-Twist pour un ajustement s\u00fbr et antid\u00e9rapant Pi\u00e8ces frontales et nasales de forme directe pour un confort maximal Lentille sph\u00e9rique duo pour un champ de vision plus large Excellente ventilation pour des yeux plus sains Anti-bu\u00e9e pendant au moins 16 secondes \u00e0 l'int\u00e9rieur, r\u00e9sistant aux rayures et aux produits chimiques \u00e0 l'ext\u00e9rieur. EN 166 (protection individuelle des yeux) EN 170 (protection individuelle des yeux avec filtres ultraviolets)<\/p>\n<p>TISSU : gris<\/p>","protected":false},"excerpt":{"rendered":"<p>Die Uvex Pheos CX2 klare Schutzbrille 9198 mit innovativer Zweikomponenten-Technologie bietet eine hervorragende Best\u00e4ndigkeit gegen das Eindringen von Staub und Wasser und sch\u00fctzt den Nutzer unter allen Bedingungen. Sie ist auch so konzipiert, dass sie sich perfekt an das Gesicht des Tr\u00e4gers anpasst und einen hervorragenden Komfort und 100%igen Schutz bietet. Schmalarmschutzbrille mit modernem, sportlichem [&hellip;]<\/p>\n","protected":false},"featured_media":601904,"template":"","meta":[],"product_brand":[],"product_cat":[9643,4209],"product_tag":[],"class_list":{"0":"post-601852","1":"product","2":"type-product","3":"status-publish","4":"has-post-thumbnail","6":"product_cat-equipment","7":"product_cat-zubehoer","8":"pa_brand-blaklaeder","9":"pa_brand-type-workwear","10":"pa_filter-color-gelb","11":"pa_filter-color-grau","13":"first","14":"instock","15":"sale","16":"taxable","17":"shipping-taxable","18":"purchasable","19":"product-type-variable","20":"add-to-wishlist-before_image"},"exclude_global_add_ons":[],"addons":[],"acf":[],"_links":{"self":[{"href":"https:\/\/shop.kustom.ch\/fr\/wp-json\/wp\/v2\/product\/601852"}],"collection":[{"href":"https:\/\/shop.kustom.ch\/fr\/wp-json\/wp\/v2\/product"}],"about":[{"href":"https:\/\/shop.kustom.ch\/fr\/wp-json\/wp\/v2\/types\/product"}],"wp:featuredmedia":[{"embeddable":true,"href":"https:\/\/shop.kustom.ch\/fr\/wp-json\/wp\/v2\/media\/601904"}],"wp:attachment":[{"href":"https:\/\/shop.kustom.ch\/fr\/wp-json\/wp\/v2\/media?parent=601852"}],"wp:term":[{"taxonomy":"product_brand","embeddable":true,"href":"https:\/\/shop.kustom.ch\/fr\/wp-json\/wp\/v2\/product_brand?post=601852"},{"taxonomy":"product_cat","embeddable":true,"href":"https:\/\/shop.kustom.ch\/fr\/wp-json\/wp\/v2\/product_cat?post=601852"},{"taxonomy":"product_tag","embeddable":true,"href":"https:\/\/shop.kustom.ch\/fr\/wp-json\/wp\/v2\/product_tag?post=601852"}],"curies":[{"name":"wp","href":"https:\/\/api.w.org\/{rel}","templated":true}]}}