{"id":601796,"date":"2025-03-05T03:06:54","date_gmt":"2025-03-05T02:06:54","guid":{"rendered":"https:\/\/shop.kustom.ch\/?post_type=product&#038;p=601796"},"modified":"2025-05-09T10:29:17","modified_gmt":"2025-05-09T09:29:17","slug":"petzl-core","status":"publish","type":"product","link":"https:\/\/shop.kustom.ch\/fr\/produit\/petzl-core\/","title":{"rendered":"Petzl Core"},"content":{"rendered":"<p>Batterie lithium-ion haute capacit\u00e9 1250 mAh rechargeable pour les lampes Petzl dot\u00e9es du design HYBRID CONCEPT : ARIA 1, ARIA 1 RGB, ARIA 1R, ARIA 2, ARIA 2 RGB et ARIA 2R. Provides excellent lighting performance, even at low temperatures. Elle se recharge directement avec le port USB int\u00e9gr\u00e9. La batterie rechargeable CORE offre une solution \u00e9conomique en tant que source d'alimentation principale ou en tant que batterie de secours.<\/p>\n<p>TISSU : gris<\/p>","protected":false},"excerpt":{"rendered":"<p>High-capacity 1250 mAh Lithium-Ion rechargeable battery for Petzl headlamps featuring the HYBRID CONCEPT design: ARIA 1, ARIA 1 RGB, ARIA 1R, ARIA 2, ARIA 2 RGB and ARIA 2R. Provides excellent lighting performance, even at low temperatures. It recharges directly with the integrated USB port. The CORE rechargeable battery offers an economical solution as the [&hellip;]<\/p>\n","protected":false},"featured_media":0,"template":"","meta":[],"product_brand":[],"product_cat":[9643,4209],"product_tag":[],"class_list":{"0":"post-601796","1":"product","2":"type-product","3":"status-publish","5":"product_cat-equipment","6":"product_cat-zubehoer","7":"pa_brand-blaklaeder","8":"pa_brand-type-workwear","9":"pa_filter-color-grau","11":"first","12":"instock","13":"sale","14":"taxable","15":"shipping-taxable","16":"purchasable","17":"product-type-variable","18":"add-to-wishlist-before_image"},"exclude_global_add_ons":[],"addons":[],"acf":[],"_links":{"self":[{"href":"https:\/\/shop.kustom.ch\/fr\/wp-json\/wp\/v2\/product\/601796"}],"collection":[{"href":"https:\/\/shop.kustom.ch\/fr\/wp-json\/wp\/v2\/product"}],"about":[{"href":"https:\/\/shop.kustom.ch\/fr\/wp-json\/wp\/v2\/types\/product"}],"wp:attachment":[{"href":"https:\/\/shop.kustom.ch\/fr\/wp-json\/wp\/v2\/media?parent=601796"}],"wp:term":[{"taxonomy":"product_brand","embeddable":true,"href":"https:\/\/shop.kustom.ch\/fr\/wp-json\/wp\/v2\/product_brand?post=601796"},{"taxonomy":"product_cat","embeddable":true,"href":"https:\/\/shop.kustom.ch\/fr\/wp-json\/wp\/v2\/product_cat?post=601796"},{"taxonomy":"product_tag","embeddable":true,"href":"https:\/\/shop.kustom.ch\/fr\/wp-json\/wp\/v2\/product_tag?post=601796"}],"curies":[{"name":"wp","href":"https:\/\/api.w.org\/{rel}","templated":true}]}}