{"id":601784,"date":"2025-03-05T03:06:52","date_gmt":"2025-03-05T02:06:52","guid":{"rendered":"https:\/\/shop.kustom.ch\/?post_type=product&#038;p=601784"},"modified":"2025-06-25T09:27:29","modified_gmt":"2025-06-25T08:27:29","slug":"petzl-vertex-vent-hi-viz","status":"publish","type":"product","link":"https:\/\/shop.kustom.ch\/fr\/produit\/petzl-vertex-vent-hi-viz\/","title":{"rendered":"Petzl Vertex Vent Hi-Viz"},"content":{"rendered":"<p>Le casque VERTEX VENT est tr\u00e8s confortable gr\u00e2ce \u00e0 sa suspension textile \u00e0 six points et aux syst\u00e8mes CENTERFIT et FLIP&amp;FIT, qui garantissent que le casque s'adapte bien \u00e0 la t\u00eate. La sangle de maintien r\u00e9glable le rend id\u00e9al pour le travail en hauteur et au sol. Il poss\u00e8de des trous d'a\u00e9ration avec des obturateurs coulissants pour permettre le passage de l'air \u00e0 travers le casque. Avec son potentiel d'int\u00e9gration d'une lampe frontale Petzl, d'une protection auditive et de multiples accessoires, c'est un casque enti\u00e8rement modulable, r\u00e9pondant ainsi aux besoins suppl\u00e9mentaires sp\u00e9cifiques des professionnels. La version haute visibilit\u00e9 est dot\u00e9e d'une coque ext\u00e9rieure fluorescente avec des clips phosphorescents et des bandes r\u00e9fl\u00e9chissantes, pour une visibilit\u00e9 optimale de l'ouvrier, de jour comme de nuit.<\/p>\n<p>TISSU : jaune haute visibilit\u00e9<\/p>","protected":false},"excerpt":{"rendered":"<p>The VERTEX VENT helmet is very comfortable, thanks to its six-point textile suspension and CENTERFIT and FLIP&amp;FIT systems, which guarantee that the helmet fits securely on the head. The adjustable-strength chinstrap makes it ideal for both work at height and on the ground. It has ventilation holes with sliding shutters to allow airflow through the [&hellip;]<\/p>\n","protected":false},"featured_media":0,"template":"","meta":[],"product_brand":[],"product_cat":[9643,4209],"product_tag":[],"class_list":{"0":"post-601784","1":"product","2":"type-product","3":"status-publish","5":"product_cat-equipment","6":"product_cat-zubehoer","7":"pa_brand-blaklaeder","8":"pa_brand-type-workwear","9":"pa_filter-color-gelb","10":"pa_filter-color-orange","12":"first","13":"instock","14":"sale","15":"taxable","16":"shipping-taxable","17":"purchasable","18":"product-type-variable","19":"add-to-wishlist-before_image"},"exclude_global_add_ons":[],"addons":[],"acf":[],"_links":{"self":[{"href":"https:\/\/shop.kustom.ch\/fr\/wp-json\/wp\/v2\/product\/601784"}],"collection":[{"href":"https:\/\/shop.kustom.ch\/fr\/wp-json\/wp\/v2\/product"}],"about":[{"href":"https:\/\/shop.kustom.ch\/fr\/wp-json\/wp\/v2\/types\/product"}],"wp:attachment":[{"href":"https:\/\/shop.kustom.ch\/fr\/wp-json\/wp\/v2\/media?parent=601784"}],"wp:term":[{"taxonomy":"product_brand","embeddable":true,"href":"https:\/\/shop.kustom.ch\/fr\/wp-json\/wp\/v2\/product_brand?post=601784"},{"taxonomy":"product_cat","embeddable":true,"href":"https:\/\/shop.kustom.ch\/fr\/wp-json\/wp\/v2\/product_cat?post=601784"},{"taxonomy":"product_tag","embeddable":true,"href":"https:\/\/shop.kustom.ch\/fr\/wp-json\/wp\/v2\/product_tag?post=601784"}],"curies":[{"name":"wp","href":"https:\/\/api.w.org\/{rel}","templated":true}]}}