{"id":601763,"date":"2025-03-05T03:06:13","date_gmt":"2025-03-05T02:06:13","guid":{"rendered":"https:\/\/shop.kustom.ch\/?post_type=product&#038;p=601763"},"modified":"2025-05-09T10:21:45","modified_gmt":"2025-05-09T09:21:45","slug":"petzl-visir","status":"publish","type":"product","link":"https:\/\/shop.kustom.ch\/fr\/produit\/petzl-visir\/","title":{"rendered":"Petzl Visir"},"content":{"rendered":"<p>Protection oculaire avec syst\u00e8me EASYCLIP pour casques VERTEX et STRATOLa protection oculaire VIZIR prot\u00e8ge les yeux contre les dangers des projectiles. Elle se fixe facilement sur les casques VERTEX et STRATO avec le syst\u00e8me EASYCLIP. Elle poss\u00e8de \u00e9galement des rev\u00eatements anti-rayures et anti-bu\u00e9e. Convient uniquement aux num\u00e9ros d'article BLK E0880000 et E0890000.<\/p>\n<p>TISSU : gris<\/p>","protected":false},"excerpt":{"rendered":"<p>Augenschutz mit EASYCLIP System f\u00fcr VERTEX und STRATO HelmeDer VIZIR Augenschutz sch\u00fctzt die Augen vor Projektil Gefahren. Er ist leicht an VERTEX und STRATO Helmen mit EASYCLIP System anzubringen. Er hat auch kratzfeste und Antibeschlag-Beschichtungen. Nur geeignet f\u00fcr BLK Artikelnummern E0880000 und E0890000 STOFF: grau<\/p>","protected":false},"featured_media":0,"template":"","meta":[],"product_brand":[],"product_cat":[9643,4209],"product_tag":[],"class_list":{"0":"post-601763","1":"product","2":"type-product","3":"status-publish","5":"product_cat-equipment","6":"product_cat-zubehoer","7":"pa_brand-blaklaeder","8":"pa_brand-type-workwear","10":"first","11":"instock","12":"sale","13":"taxable","14":"shipping-taxable","15":"purchasable","16":"product-type-variable","17":"add-to-wishlist-before_image"},"exclude_global_add_ons":[],"addons":[],"acf":[],"_links":{"self":[{"href":"https:\/\/shop.kustom.ch\/fr\/wp-json\/wp\/v2\/product\/601763"}],"collection":[{"href":"https:\/\/shop.kustom.ch\/fr\/wp-json\/wp\/v2\/product"}],"about":[{"href":"https:\/\/shop.kustom.ch\/fr\/wp-json\/wp\/v2\/types\/product"}],"wp:attachment":[{"href":"https:\/\/shop.kustom.ch\/fr\/wp-json\/wp\/v2\/media?parent=601763"}],"wp:term":[{"taxonomy":"product_brand","embeddable":true,"href":"https:\/\/shop.kustom.ch\/fr\/wp-json\/wp\/v2\/product_brand?post=601763"},{"taxonomy":"product_cat","embeddable":true,"href":"https:\/\/shop.kustom.ch\/fr\/wp-json\/wp\/v2\/product_cat?post=601763"},{"taxonomy":"product_tag","embeddable":true,"href":"https:\/\/shop.kustom.ch\/fr\/wp-json\/wp\/v2\/product_tag?post=601763"}],"curies":[{"name":"wp","href":"https:\/\/api.w.org\/{rel}","templated":true}]}}