{"id":601711,"date":"2025-03-05T03:05:22","date_gmt":"2025-03-05T02:05:22","guid":{"rendered":"https:\/\/shop.kustom.ch\/?post_type=product&#038;p=601711"},"modified":"2026-03-31T08:16:58","modified_gmt":"2026-03-31T07:16:58","slug":"high-vis-hose-4-wege-stretch","status":"publish","type":"product","link":"https:\/\/shop.kustom.ch\/fr\/produit\/high-vis-hose-4-wege-stretch\/","title":{"rendered":"Pantalon haute visibilit\u00e9 4-way stretch"},"content":{"rendered":"<p>Le pantalon High Vis est enti\u00e8rement fabriqu\u00e9 dans un mat\u00e9riau stretch 4 directions incroyablement doux et flexible, qui offre le confort ultime et vous rend visible lorsque vous en avez le plus besoin. Le short est dot\u00e9 de r\u00e9flecteurs segment\u00e9s, d'une taille haute \u00e0 l'arri\u00e8re, de poches \u00e0 clous amovibles et d'une ventilation au niveau des genoux et de l'empi\u00e8cement. Les poches genouill\u00e8res en CORDURA\u00ae stretch offrent protection et confort lors de l'agenouillement. \u00c9galement disponible en mod\u00e8le femme 7025.<\/p>\n<p>FERMETURE : Bas de jambe avec renforts CORDURA\u00ae. D\u00c9TAILS : Anneau en D. Boutons en m\u00e9tal. Porte-couteau avec bouton. Fermeture \u00e9clair en plastique \u00e0 l'entrejambe. Deux passants sur les c\u00f4t\u00e9s avec un bouton pour le porte-marteau. Anneau en D \u00e0 la taille. FONCTIONNALIT\u00c9 : A\u00e9ration au niveau du creux du genou. Coupe normale. CARACT\u00c9RISTIQUES PRINCIPALES : Artisan. EN ISO 20471. REFLEX : Mat\u00e9riau r\u00e9fl\u00e9chissant autour des jambes. TISSU : Disponible pour hommes et femmes. Jaune haute visibilit\u00e9. \u00c9lastique. Tissu stretch. POCHES : Poche sur la jambe avec soufflet et rabat avec fermeture velcro et poche int\u00e9rieure pour t\u00e9l\u00e9phone portable en mesh. Poches arri\u00e8re renforc\u00e9es par un soufflet. Poches rembourr\u00e9es aux genoux. Poches \u00e0 clous - amovibles et extra larges, avec boucles \u00e0 outils et compartiments \u00e0 outils suppl\u00e9mentaires. Poches lat\u00e9rales. Poche m\u00e8tre renforc\u00e9e avec porte couteau et poche stylo. INSTRUCTIONS DE LAVAGE : Nombre de lavages : 20. Ne pas blanchir. RENFORCEMENT : Poches genouill\u00e8res renforc\u00e9es en Cordura\u00ae Stretch. CERTIFICATION : EN 14404:2004+A1:2010 avec genouill\u00e8res 4027, 4057, 4058 et 4032. EN ISO 20471, classe 1.<\/p>\n<p>100% Polyester, double tissage, stretch 4 directions, 260 g\/m<\/p>","protected":false},"excerpt":{"rendered":"<p>Die High Vis Hose ist komplett aus unglaublich weichem und flexiblem 4-Wege-Stretchmaterial gefertigt, das den ultimativen Komfort bietet und Sie sichtbar macht, wenn es am n\u00f6tigsten ist. Die Shorts haben segmentierte Reflektoren, einen hohen Bund am R\u00fccken, abnehmbare Nageltaschen und Bel\u00fcftung an den Knien und der Passe. Knietaschen aus CORDURA\u00ae-Stretch bieten Schutz und Komfort beim [&hellip;]<\/p>\n","protected":false},"featured_media":601770,"template":"","meta":[],"product_brand":[],"product_cat":[4185],"product_tag":[],"class_list":{"0":"post-601711","1":"product","2":"type-product","3":"status-publish","4":"has-post-thumbnail","6":"product_cat-hosen","7":"pa_brand-blaklaeder","8":"pa_brand-type-workwear","9":"pa_filter-color-gelb","10":"pa_filter-color-schwarz","12":"first","13":"instock","14":"sale","15":"taxable","16":"shipping-taxable","17":"purchasable","18":"product-type-variable","19":"add-to-wishlist-before_image"},"exclude_global_add_ons":[],"addons":[],"acf":[],"_links":{"self":[{"href":"https:\/\/shop.kustom.ch\/fr\/wp-json\/wp\/v2\/product\/601711"}],"collection":[{"href":"https:\/\/shop.kustom.ch\/fr\/wp-json\/wp\/v2\/product"}],"about":[{"href":"https:\/\/shop.kustom.ch\/fr\/wp-json\/wp\/v2\/types\/product"}],"wp:featuredmedia":[{"embeddable":true,"href":"https:\/\/shop.kustom.ch\/fr\/wp-json\/wp\/v2\/media\/601770"}],"wp:attachment":[{"href":"https:\/\/shop.kustom.ch\/fr\/wp-json\/wp\/v2\/media?parent=601711"}],"wp:term":[{"taxonomy":"product_brand","embeddable":true,"href":"https:\/\/shop.kustom.ch\/fr\/wp-json\/wp\/v2\/product_brand?post=601711"},{"taxonomy":"product_cat","embeddable":true,"href":"https:\/\/shop.kustom.ch\/fr\/wp-json\/wp\/v2\/product_cat?post=601711"},{"taxonomy":"product_tag","embeddable":true,"href":"https:\/\/shop.kustom.ch\/fr\/wp-json\/wp\/v2\/product_tag?post=601711"}],"curies":[{"name":"wp","href":"https:\/\/api.w.org\/{rel}","templated":true}]}}