{"id":601662,"date":"2025-03-05T03:04:02","date_gmt":"2025-03-05T02:04:02","guid":{"rendered":"https:\/\/shop.kustom.ch\/?post_type=product&#038;p=601662"},"modified":"2026-03-31T08:23:43","modified_gmt":"2026-03-31T07:23:43","slug":"service-arbeitshose-stretch-2","status":"publish","type":"product","link":"https:\/\/shop.kustom.ch\/fr\/produit\/service-arbeitshose-stretch-2\/","title":{"rendered":"Pantalon de travail Service Stretch"},"content":{"rendered":"<p>Pantalon de travail de service moderne en mat\u00e9riau l\u00e9ger mais r\u00e9sistant avec des propri\u00e9t\u00e9s de s\u00e9chage rapide - parfait pour les travaux \u00e0 l'int\u00e9rieur et \u00e0 l'ext\u00e9rieur par temps plus chaud. Ce mod\u00e8le a une coupe plus \u00e9troite et des genoux pr\u00e9form\u00e9s pour un meilleur confort. Pour une libert\u00e9 de mouvement optimale, nous avons plac\u00e9 des inserts en stretch \u00e0 des endroits soigneusement choisis, comme les fesses, les genoux et l'entrejambe. Le pantalon dispose d'une poche pour stylo et couteau adapt\u00e9e aux gauchers et aux droitiers, d'une poche int\u00e9rieure pour t\u00e9l\u00e9phone portable en mesh et d'un bas de jambe extensible.<\/p>\n<p>FERMETURE : Possibilit\u00e9 de rallonger l'ourlet de la jambe. D\u00c9TAILS : bouton m\u00e9tallique recouvert de caoutchouc. Fermeture \u00e0 glissi\u00e8re en plastique \u00e0 l'entrejambe. Anneau en D \u00e0 la taille. FONCTIONNALIT\u00c9 : Inserts stretch \u00e0 l'entrejambe, aux genoux et au fessier. Jambes de pantalon particuli\u00e8rement ergonomiques. CARACTERISTIQUES PRINCIPALES : Employ\u00e9 de service. TISSU : Hommes. Stretch. Industrie \/ Service. POSITIONS : Poches sur les jambes avec soufflet, fermeture \u00e0 glissi\u00e8re, poche pour stylo et couteau. Poches arri\u00e8re. Poche pour t\u00e9l\u00e9phone portable \u00e0 l'int\u00e9rieur. Poches lat\u00e9rales. INSTRUCTIONS DE LAVAGE : 40\u00b0 C<\/p>\n<p>65% polyester, 35% coton, tissage fin , 166g\/m<\/p>","protected":false},"excerpt":{"rendered":"<p>Moderne Service-Arbeitshose aus leichtem, aber strapazierf\u00e4higem Material mit schnelltrocknenden Eigenschaften &#8211; perfekt f\u00fcr Arbeiten im Innen- und Aussenbereich bei w\u00e4rmerem Wetter. Dieses Modell ist schmaler geschnitten und hat vorgeformte Knie f\u00fcr erh\u00f6hten Tragekomfort. F\u00fcr optimale Bewegungsfreiheit haben wir Stretch-Eins\u00e4tze an sorgf\u00e4ltig ausgew\u00e4hlten Stellen platziert, wie zum Beispiel am Ges\u00e4ss, an den Knien und im Schritt. [&hellip;]<\/p>\n","protected":false},"featured_media":601706,"template":"","meta":[],"product_brand":[],"product_cat":[4185],"product_tag":[],"class_list":{"0":"post-601662","1":"product","2":"type-product","3":"status-publish","4":"has-post-thumbnail","6":"product_cat-hosen","7":"pa_brand-blaklaeder","8":"pa_brand-type-workwear","9":"pa_filter-color-braun","10":"pa_filter-color-gruen","11":"pa_filter-color-schwarz","13":"first","14":"instock","15":"sale","16":"taxable","17":"shipping-taxable","18":"purchasable","19":"product-type-variable","20":"add-to-wishlist-before_image"},"exclude_global_add_ons":[],"addons":[],"acf":[],"_links":{"self":[{"href":"https:\/\/shop.kustom.ch\/fr\/wp-json\/wp\/v2\/product\/601662"}],"collection":[{"href":"https:\/\/shop.kustom.ch\/fr\/wp-json\/wp\/v2\/product"}],"about":[{"href":"https:\/\/shop.kustom.ch\/fr\/wp-json\/wp\/v2\/types\/product"}],"wp:featuredmedia":[{"embeddable":true,"href":"https:\/\/shop.kustom.ch\/fr\/wp-json\/wp\/v2\/media\/601706"}],"wp:attachment":[{"href":"https:\/\/shop.kustom.ch\/fr\/wp-json\/wp\/v2\/media?parent=601662"}],"wp:term":[{"taxonomy":"product_brand","embeddable":true,"href":"https:\/\/shop.kustom.ch\/fr\/wp-json\/wp\/v2\/product_brand?post=601662"},{"taxonomy":"product_cat","embeddable":true,"href":"https:\/\/shop.kustom.ch\/fr\/wp-json\/wp\/v2\/product_cat?post=601662"},{"taxonomy":"product_tag","embeddable":true,"href":"https:\/\/shop.kustom.ch\/fr\/wp-json\/wp\/v2\/product_tag?post=601662"}],"curies":[{"name":"wp","href":"https:\/\/api.w.org\/{rel}","templated":true}]}}