{"id":601525,"date":"2025-03-05T02:59:30","date_gmt":"2025-03-05T01:59:30","guid":{"rendered":"https:\/\/shop.kustom.ch\/?post_type=product&#038;p=601525"},"modified":"2025-05-09T10:16:57","modified_gmt":"2025-05-09T09:16:57","slug":"standard-safety-padlock-with-nylon-shackle","status":"publish","type":"product","link":"https:\/\/shop.kustom.ch\/fr\/produit\/standard-safety-padlock-with-nylon-shackle\/","title":{"rendered":"Padlock de s\u00e9curit\u00e9 standard avec boucle en nylon"},"content":{"rendered":"<p>Un padlock compact et l\u00e9ger avec une r\u00e9sistance accrue \u00e0 l'impact. Corps en polyamide Nylon Chapelet en nylon qui emp\u00eache l'\u00e9lectrocution Id\u00e9al pour les applications \u00e9lectriques R\u00e9sistance sup\u00e9rieure \u00e0 la temp\u00e9rature, aux produits chimiques et \u00e0 la corrosion Conforme \u00e0 la directive sur les \u00e9quipements ATEX Fourni Cl\u00e9 diff\u00e9rente et avec 1 cl\u00e9 par pav\u00e9 num\u00e9rique Syst\u00e8me de retenue de cl\u00e9 (la cl\u00e9 ne se lib\u00e8re pas tant que le pav\u00e9 num\u00e9rique n'est pas correctement ferm\u00e9) Couleur : Rouge Diam\u00e8tre du pav\u00e9 num\u00e9rique : 6.5 mm Hauteur du pav\u00e9 num\u00e9rique : 38 mm Taille du pav\u00e9 num\u00e9rique (WxDxH) : 38\u00d719.5\u00d786.5 mm Plage de temp\u00e9rature : -20\u00b0C \u00e0 120\u00b0C 1-pack.<\/p>\n<p>CARACTERISTIQUES PRINCIPALES : Unisexe. TISSU : rouge<\/p>","protected":false},"excerpt":{"rendered":"<p>A compact and lightweight padlock with enhanced impact resistance. Body in Polyamide Nylon Nylon shackle that prevents electrocution Ideal for electrical applications Superior temperature, chemical and corrosion resistance Meets with the ATEX Equipment Directive Supplied Keyed different and with 1 key per padlock Key retaining system (key won&#8217;t release until padlock shackle is correctly closed) [&hellip;]<\/p>\n","protected":false},"featured_media":0,"template":"","meta":[],"product_brand":[],"product_cat":[9643,4209],"product_tag":[],"class_list":{"0":"post-601525","1":"product","2":"type-product","3":"status-publish","5":"product_cat-equipment","6":"product_cat-zubehoer","7":"pa_brand-blaklaeder","8":"pa_brand-type-workwear","9":"pa_filter-color-rot","11":"first","12":"instock","13":"sale","14":"taxable","15":"shipping-taxable","16":"purchasable","17":"product-type-variable","18":"add-to-wishlist-before_image"},"exclude_global_add_ons":[],"addons":[],"acf":[],"_links":{"self":[{"href":"https:\/\/shop.kustom.ch\/fr\/wp-json\/wp\/v2\/product\/601525"}],"collection":[{"href":"https:\/\/shop.kustom.ch\/fr\/wp-json\/wp\/v2\/product"}],"about":[{"href":"https:\/\/shop.kustom.ch\/fr\/wp-json\/wp\/v2\/types\/product"}],"wp:attachment":[{"href":"https:\/\/shop.kustom.ch\/fr\/wp-json\/wp\/v2\/media?parent=601525"}],"wp:term":[{"taxonomy":"product_brand","embeddable":true,"href":"https:\/\/shop.kustom.ch\/fr\/wp-json\/wp\/v2\/product_brand?post=601525"},{"taxonomy":"product_cat","embeddable":true,"href":"https:\/\/shop.kustom.ch\/fr\/wp-json\/wp\/v2\/product_cat?post=601525"},{"taxonomy":"product_tag","embeddable":true,"href":"https:\/\/shop.kustom.ch\/fr\/wp-json\/wp\/v2\/product_tag?post=601525"}],"curies":[{"name":"wp","href":"https:\/\/api.w.org\/{rel}","templated":true}]}}