{"id":601508,"date":"2025-03-05T02:58:57","date_gmt":"2025-03-05T01:58:57","guid":{"rendered":"https:\/\/shop.kustom.ch\/?post_type=product&#038;p=601508"},"modified":"2025-05-09T10:28:21","modified_gmt":"2025-05-09T09:28:21","slug":"guardio-freebird-com","status":"publish","type":"product","link":"https:\/\/shop.kustom.ch\/fr\/produit\/guardio-freebird-com\/","title":{"rendered":"Guardio Freebird Com"},"content":{"rendered":"<p>Guardio Freebird COM est le choix des professionnels pour la protection de l'ou\u00efe tout en restant capable de communiquer clairement avec votre \u00e9quipe dans des environnements bruyants. Avec des microphones boom r\u00e9duisant le bruit et la technologie d'am\u00e9lioration de la parole, vous pouvez \u00eatre s\u00fbr que votre \u00e9quipe entendra ce que vous dites. Avec 16 canaux pr\u00e9r\u00e9gl\u00e9s et programmables en PMR466 avec fonction VOX, Freebird COM est la solution optimale pour les grandes \u00e9quipes.Les protections auditives ont des attaches standard de 30 mm qui s'adaptent \u00e0 la plupart des casques du march\u00e9. De plus, la s\u00e9rie Freebird est co-certifi\u00e9e avec les casques de Guardio, Kask et 3MBuilt-in lithium battery with double-speed charging via USB-C port that offers a battery life of up to 80 hours of operation time on a single charge.Stable communication radio voice operated switch (VOX) and programmable software for specially tuned channels. Jusqu'\u00e0 2000m de port\u00e9e.batterie lithium int\u00e9gr\u00e9e avec chargement double vitesse via le port USB-C qui offre une dur\u00e9e de vie de la batterie de jusqu'\u00e0 80 heures de temps de fonctionnement sur une seule charge.<\/p>\n<p>TISSU : noir<\/p>","protected":false},"excerpt":{"rendered":"<p>Guardio Freebird COM is the professional&#8217;s choice for hearing protection while still being able to communicate clearly with your team in noisy environments. With noise-reducing boom microphones and speech enhancement technology, you can be sure that your team will hear what you say. With 16 pre-set and programmable channels in PMR466 with VOX function, Freebird [&hellip;]<\/p>\n","protected":false},"featured_media":601566,"template":"","meta":[],"product_brand":[],"product_cat":[9643,4209],"product_tag":[],"class_list":{"0":"post-601508","1":"product","2":"type-product","3":"status-publish","4":"has-post-thumbnail","6":"product_cat-equipment","7":"product_cat-zubehoer","8":"pa_brand-blaklaeder","9":"pa_brand-type-workwear","10":"pa_filter-color-schwarz","12":"first","13":"instock","14":"sale","15":"taxable","16":"shipping-taxable","17":"purchasable","18":"product-type-variable","19":"add-to-wishlist-before_image"},"exclude_global_add_ons":[],"addons":[],"acf":[],"_links":{"self":[{"href":"https:\/\/shop.kustom.ch\/fr\/wp-json\/wp\/v2\/product\/601508"}],"collection":[{"href":"https:\/\/shop.kustom.ch\/fr\/wp-json\/wp\/v2\/product"}],"about":[{"href":"https:\/\/shop.kustom.ch\/fr\/wp-json\/wp\/v2\/types\/product"}],"wp:featuredmedia":[{"embeddable":true,"href":"https:\/\/shop.kustom.ch\/fr\/wp-json\/wp\/v2\/media\/601566"}],"wp:attachment":[{"href":"https:\/\/shop.kustom.ch\/fr\/wp-json\/wp\/v2\/media?parent=601508"}],"wp:term":[{"taxonomy":"product_brand","embeddable":true,"href":"https:\/\/shop.kustom.ch\/fr\/wp-json\/wp\/v2\/product_brand?post=601508"},{"taxonomy":"product_cat","embeddable":true,"href":"https:\/\/shop.kustom.ch\/fr\/wp-json\/wp\/v2\/product_cat?post=601508"},{"taxonomy":"product_tag","embeddable":true,"href":"https:\/\/shop.kustom.ch\/fr\/wp-json\/wp\/v2\/product_tag?post=601508"}],"curies":[{"name":"wp","href":"https:\/\/api.w.org\/{rel}","templated":true}]}}