{"id":601494,"date":"2025-03-05T02:58:26","date_gmt":"2025-03-05T01:58:26","guid":{"rendered":"https:\/\/shop.kustom.ch\/?post_type=product&#038;p=601494"},"modified":"2025-05-09T10:28:18","modified_gmt":"2025-05-09T09:28:18","slug":"guardio-freebird-bt","status":"publish","type":"product","link":"https:\/\/shop.kustom.ch\/fr\/produit\/guardio-freebird-bt\/","title":{"rendered":"Guardio Freebird BT"},"content":{"rendered":"<p>Guardio Freebird BT est une protection auditive pour les professionnels qui exigent une protection, un confort et une qualit\u00e9 sonore de haut niveau. Technologie Bluetooth pour les appels mains libres et le streaming de musique via Qualcomm avec la technologie apt-X brevet\u00e9e qui am\u00e9liore la qualit\u00e9 du son. Co-hearing with superior-attack time technology for immediate response to harmful noise.The hearing protectors have standard 30mm mounts that fit most helmets on the market. En outre, la s\u00e9rie Freebird est co-certifi\u00e9e avec les casques de Guardio, Kask et 3M, Petzl et Iris 2.Batterie lithium int\u00e9gr\u00e9e avec chargement \u00e0 double vitesse via le port USB-C qui offre une dur\u00e9e de vie de la batterie jusqu'\u00e0 120 heures de temps d'utilisation sur une seule charge.La technologie sonore Qualcomm aptXT est con\u00e7ue pour une grande exp\u00e9rience sonore pour la musique et les appels. Utilis\u00e9 par de nombreux fabricants de haut-parleurs, de barres de son et de casques parmi les plus importants au mondeBatterie au lithium int\u00e9gr\u00e9e avec chargement double-speed via le port USB-C qui offre une dur\u00e9e de vie de la batterie de jusqu'\u00e0 120 heures d'utilisation sur une seule charge.Gr\u00e2ce \u00e0 une solution de c\u00e2ble intelligente, vous pouvez choisir pour vous-m\u00eame si vous souhaitez connecter vos protections auditives \u00e0 un casque ou les utiliser avec un serre-t\u00eate. Bien entendu, le serre-t\u00eate et les fixations pour casque sont tous deux inclus lorsque vous achetez votre Guardio Freebird.la technologie Bluetooth la plus r\u00e9cente avec prise en charge de la connexion multipoint pour la connexion de deux t\u00e9l\u00e9phones mobiles en m\u00eame temps. Parfait pour ceux qui souhaitent pouvoir utiliser leur t\u00e9l\u00e9phone personnel et leur t\u00e9l\u00e9phone professionnel en m\u00eame temps.<\/p>\n<p>TISSU : noir<\/p>","protected":false},"excerpt":{"rendered":"<p>Guardio Freebird BT is hearing protection for professionals who place high demands on protection, comfort and top-class sound quality. Bluetooth technology for hands-free calls and music streaming via Qualcomm with patented apt-X technology that improves sound quality. Co-hearing with superior-attack time technology for immediate response to harmful noise.The hearing protectors have standard 30mm mounts that [&hellip;]<\/p>\n","protected":false},"featured_media":601565,"template":"","meta":[],"product_brand":[],"product_cat":[9643,4209],"product_tag":[],"class_list":{"0":"post-601494","1":"product","2":"type-product","3":"status-publish","4":"has-post-thumbnail","6":"product_cat-equipment","7":"product_cat-zubehoer","8":"pa_brand-blaklaeder","9":"pa_brand-type-workwear","10":"pa_filter-color-schwarz","12":"first","13":"instock","14":"sale","15":"taxable","16":"shipping-taxable","17":"purchasable","18":"product-type-variable","19":"add-to-wishlist-before_image"},"exclude_global_add_ons":[],"addons":[],"acf":[],"_links":{"self":[{"href":"https:\/\/shop.kustom.ch\/fr\/wp-json\/wp\/v2\/product\/601494"}],"collection":[{"href":"https:\/\/shop.kustom.ch\/fr\/wp-json\/wp\/v2\/product"}],"about":[{"href":"https:\/\/shop.kustom.ch\/fr\/wp-json\/wp\/v2\/types\/product"}],"wp:featuredmedia":[{"embeddable":true,"href":"https:\/\/shop.kustom.ch\/fr\/wp-json\/wp\/v2\/media\/601565"}],"wp:attachment":[{"href":"https:\/\/shop.kustom.ch\/fr\/wp-json\/wp\/v2\/media?parent=601494"}],"wp:term":[{"taxonomy":"product_brand","embeddable":true,"href":"https:\/\/shop.kustom.ch\/fr\/wp-json\/wp\/v2\/product_brand?post=601494"},{"taxonomy":"product_cat","embeddable":true,"href":"https:\/\/shop.kustom.ch\/fr\/wp-json\/wp\/v2\/product_cat?post=601494"},{"taxonomy":"product_tag","embeddable":true,"href":"https:\/\/shop.kustom.ch\/fr\/wp-json\/wp\/v2\/product_tag?post=601494"}],"curies":[{"name":"wp","href":"https:\/\/api.w.org\/{rel}","templated":true}]}}