{"id":601493,"date":"2025-03-05T02:58:26","date_gmt":"2025-03-05T01:58:26","guid":{"rendered":"https:\/\/shop.kustom.ch\/?post_type=product&#038;p=601493"},"modified":"2025-05-09T10:28:27","modified_gmt":"2025-05-09T09:28:27","slug":"guardio-visor-flex-headlamp","status":"publish","type":"product","link":"https:\/\/shop.kustom.ch\/fr\/produit\/guardio-visor-flex-headlamp\/","title":{"rendered":"Lampe frontale Guardio Visor Flex"},"content":{"rendered":"<p>L'\u00e9clairage unique Guardio VisorFlex est con\u00e7u pour \u00eatre utilis\u00e9 avec la visi\u00e8re du casque sans compromettre la facilit\u00e9 d'utilisation et la fonctionnalit\u00e9. La lampe frontale et son support sont fix\u00e9s par les trous de vis de la visi\u00e8re et permettent \u00e0 l'utilisateur d'ajuster simultan\u00e9ment la lampe frontale et la visi\u00e8re afin d'assurer une illumination optimale et une r\u00e9partition parfaite de la lumi\u00e8re, que la visi\u00e8re soit relev\u00e9e ou non sur le casque. La lampe frontale peut \u00eatre recharg\u00e9e en branchant le c\u00e2ble de recharge fourni directement dans le bo\u00eetier de la lampe ou en rechargeant la batterie dans le chargeur de batterie externe disponible \u00e0 l'achat comme accessoire. Un serre-t\u00eate flexible et durable est bien s\u00fbr inclus pour une utilisation sans visi\u00e8re. ? Cinq modes d'\u00e9clairage offrent une luminosit\u00e9 allant jusqu'\u00e0 2360 lumens. En plus de cela, il y a aussi le mode SOS et le mode flash ? Batterie rechargeable et rempla\u00e7able qui se charge rapidement via USB Type-C. ? Poids plume : Con\u00e7ue en mettant l'accent sur l'ergonomie et le poids plume. Seulement 106 g, y compris la batterie et la visi\u00e8re. ? Lentille soigneusement con\u00e7ue qui brille \u00e0 la fois de loin et de pr\u00e8s avec une port\u00e9e allant jusqu'\u00e0 150m.<\/p>\n<p>TISSU : noir<\/p>","protected":false},"excerpt":{"rendered":"<p>The unique Guardio VisorFlex light is designed to be used together with the helmet&#8217;s visor without compromising usability and functionality. The headlamp and its helmet holder are attached through the visor&#8217;s screw holes and enable the user to adjust the headlamp and visor simultaneously to ensure optimal illumination and perfect light distribution regardless of whether [&hellip;]<\/p>\n","protected":false},"featured_media":601564,"template":"","meta":[],"product_brand":[],"product_cat":[9643,4209],"product_tag":[],"class_list":{"0":"post-601493","1":"product","2":"type-product","3":"status-publish","4":"has-post-thumbnail","6":"product_cat-equipment","7":"product_cat-zubehoer","8":"pa_brand-blaklaeder","9":"pa_brand-type-workwear","10":"pa_filter-color-schwarz","12":"first","13":"instock","14":"sale","15":"taxable","16":"shipping-taxable","17":"purchasable","18":"product-type-variable","19":"add-to-wishlist-before_image"},"exclude_global_add_ons":[],"addons":[],"acf":[],"_links":{"self":[{"href":"https:\/\/shop.kustom.ch\/fr\/wp-json\/wp\/v2\/product\/601493"}],"collection":[{"href":"https:\/\/shop.kustom.ch\/fr\/wp-json\/wp\/v2\/product"}],"about":[{"href":"https:\/\/shop.kustom.ch\/fr\/wp-json\/wp\/v2\/types\/product"}],"wp:featuredmedia":[{"embeddable":true,"href":"https:\/\/shop.kustom.ch\/fr\/wp-json\/wp\/v2\/media\/601564"}],"wp:attachment":[{"href":"https:\/\/shop.kustom.ch\/fr\/wp-json\/wp\/v2\/media?parent=601493"}],"wp:term":[{"taxonomy":"product_brand","embeddable":true,"href":"https:\/\/shop.kustom.ch\/fr\/wp-json\/wp\/v2\/product_brand?post=601493"},{"taxonomy":"product_cat","embeddable":true,"href":"https:\/\/shop.kustom.ch\/fr\/wp-json\/wp\/v2\/product_cat?post=601493"},{"taxonomy":"product_tag","embeddable":true,"href":"https:\/\/shop.kustom.ch\/fr\/wp-json\/wp\/v2\/product_tag?post=601493"}],"curies":[{"name":"wp","href":"https:\/\/api.w.org\/{rel}","templated":true}]}}