{"id":601492,"date":"2025-03-05T02:58:26","date_gmt":"2025-03-05T01:58:26","guid":{"rendered":"https:\/\/shop.kustom.ch\/?post_type=product&#038;p=601492"},"modified":"2025-05-09T10:28:24","modified_gmt":"2025-05-09T09:28:24","slug":"guardio-freebird-pro","status":"publish","type":"product","link":"https:\/\/shop.kustom.ch\/fr\/produit\/guardio-freebird-pro\/","title":{"rendered":"Guardio Freebird Pro"},"content":{"rendered":"<p>Guardio Freebird PRO est la solution ultime pour les professionnels en qu\u00eate de libert\u00e9 et de flexibilit\u00e9 pendant leur journ\u00e9e de travail. Avec la radio de communication int\u00e9gr\u00e9e et la technologie Bluetooth multipoint, vous pouvez facilement communiquer avec vos coll\u00e8gues tout en \u00e9coutant de la musique en streaming avec un son de haute qualit\u00e9 gr\u00e2ce \u00e0 la technologie apt-X brevet\u00e9e de Qualcomm.Le casque poss\u00e8de des montures standard de 30 mm qui s'adaptent \u00e0 la plupart des casques du march\u00e9. En outre, la s\u00e9rie Freebird est co-certifi\u00e9e avec les casques de Guardio, Kask, Petzl, 3M et Iris.Batterie lithium int\u00e9gr\u00e9e avec chargement \u00e0 double vitesse via le port USB-C qui offre une autonomie de 120 heures d'utilisation sur une seule charge.La technologie sonore Qualcom aptXT est con\u00e7ue pour une excellente exp\u00e9rience sonore pour la musique et les appels. Utilis\u00e9 par de nombreux fabricants de haut-parleurs, de barres de son et de casques parmi les plus importants au monde.Batterie au lithium int\u00e9gr\u00e9e avec chargement \u00e0 double vitesse via le port USB-C qui offre une dur\u00e9e de vie de la batterie pouvant atteindre 120 heures d'utilisation sur une seule charge.Gr\u00e2ce \u00e0 une solution de c\u00e2ble intelligent, vous pouvez choisir de connecter vos protections auditives \u00e0 un casque ou de les utiliser avec un serre-t\u00eate. La technologie Bluetooth la plus r\u00e9cente avec prise en charge de la connexion multipoint pour la connexion de deux t\u00e9l\u00e9phones mobiles en m\u00eame temps.<\/p>\n<p>TISSU : noir<\/p>","protected":false},"excerpt":{"rendered":"<p>Guardio Freebird PRO is the ultimate solution for professionals looking for freedom and flexibility during the workday. With the built-in communication radio and Bluetooth multipoint technology, you can easily communicate with your colleagues and at the same time stream music with high sound quality thanks to Qualcomm&#8217;s patented apt-X technology.The headset has standard 30mm mounts [&hellip;]<\/p>\n","protected":false},"featured_media":601550,"template":"","meta":[],"product_brand":[],"product_cat":[9643,4209],"product_tag":[],"class_list":{"0":"post-601492","1":"product","2":"type-product","3":"status-publish","4":"has-post-thumbnail","6":"product_cat-equipment","7":"product_cat-zubehoer","8":"pa_brand-blaklaeder","9":"pa_brand-type-workwear","10":"pa_filter-color-schwarz","12":"first","13":"instock","14":"sale","15":"taxable","16":"shipping-taxable","17":"purchasable","18":"product-type-variable","19":"add-to-wishlist-before_image"},"exclude_global_add_ons":[],"addons":[],"acf":[],"_links":{"self":[{"href":"https:\/\/shop.kustom.ch\/fr\/wp-json\/wp\/v2\/product\/601492"}],"collection":[{"href":"https:\/\/shop.kustom.ch\/fr\/wp-json\/wp\/v2\/product"}],"about":[{"href":"https:\/\/shop.kustom.ch\/fr\/wp-json\/wp\/v2\/types\/product"}],"wp:featuredmedia":[{"embeddable":true,"href":"https:\/\/shop.kustom.ch\/fr\/wp-json\/wp\/v2\/media\/601550"}],"wp:attachment":[{"href":"https:\/\/shop.kustom.ch\/fr\/wp-json\/wp\/v2\/media?parent=601492"}],"wp:term":[{"taxonomy":"product_brand","embeddable":true,"href":"https:\/\/shop.kustom.ch\/fr\/wp-json\/wp\/v2\/product_brand?post=601492"},{"taxonomy":"product_cat","embeddable":true,"href":"https:\/\/shop.kustom.ch\/fr\/wp-json\/wp\/v2\/product_cat?post=601492"},{"taxonomy":"product_tag","embeddable":true,"href":"https:\/\/shop.kustom.ch\/fr\/wp-json\/wp\/v2\/product_tag?post=601492"}],"curies":[{"name":"wp","href":"https:\/\/api.w.org\/{rel}","templated":true}]}}