{"id":601460,"date":"2025-03-05T02:57:51","date_gmt":"2025-03-05T01:57:51","guid":{"rendered":"https:\/\/shop.kustom.ch\/?post_type=product&#038;p=601460"},"modified":"2025-05-09T10:28:01","modified_gmt":"2025-05-09T09:28:01","slug":"headset-3m-peltor-ws-litecom-plus-446-mhz","status":"publish","type":"product","link":"https:\/\/shop.kustom.ch\/fr\/produit\/headset-3m-peltor-ws-litecom-plus-446-mhz\/","title":{"rendered":"Casque 3M Peltor WS LiteCom Plus 446 MHz"},"content":{"rendered":"<p>Casque WS LiteCom Plus avec radio de communication int\u00e9gr\u00e9e se connectant \u00e0 deux ou plusieurs casques et\/ou appareils portables.* Radio de communication analogique pr\u00e9programm\u00e9e (16 canaux PMR pr\u00e9programm\u00e9s dans la bande de fr\u00e9quence 446MHz).* Fonction multipoint Bluetooth.* Microphone \u00e9tanche (IP68).* Fonction Level-dependent (monitoring) vous permet d'entendre les sons ambiants.* R\u00e9ponse d'une seule touche gr\u00e2ce \u00e0 la fonction Push To Listen.* Batterie lithium-ion rechargeable.* Transmission \u00e0 commande vocale (VOX).Conforme aux normes EN352-1, EN352-4, EN352-6, EN352-8.Manchons WS LiteCom Plus avec radio de communication int\u00e9gr\u00e9e permettant de connecter deux manchons ou plus et\/ou des appareils portatifs. Tous les manchons et autres appareils doivent \u00e9mettre et recevoir sur la m\u00eame bande de fr\u00e9quence. Le WS LiteCom Plus utilise la bande de fr\u00e9quence non autoris\u00e9e PMR 446 MHz. 16 canaux analogiques pr\u00e9programm\u00e9s sont disponibles pour la communication, ce qui rend les oreillettes pr\u00eates \u00e0 l'emploi. Une fois la fonction de transmission \u00e0 commande vocale (VOX) activ\u00e9e, la radio de communication peut \u00eatre utilis\u00e9e enti\u00e8rement en mode mains libres : la radio commence \u00e0 transmettre lorsque vous parlez dans le microphone et cesse de transmettre lorsque vous arr\u00eatez de parler. Il existe bien s\u00fbr une fonction push-to-talk (PTT) traditionnelle o\u00f9 vous appuyez sur un bouton \u00e0 chaque fois que vous voulez parler.Bluetooth Multipoint permet de relier sans fil les oreillettes \u00e0 un ou deux t\u00e9l\u00e9phones mobiles. Vous pouvez \u00e9galement recevoir des appels t\u00e9l\u00e9phoniques directement dans l'oreillette et m\u00eame \u00e9couter de la musique stock\u00e9e sur votre t\u00e9l\u00e9phone, ou \u00e9couter la radio ou Spotify en ligne.fonction Level-dependent avec fonction push-to-listen pour surveiller les sons ambiants plus microphone \u00e9tanche (IP68) pour am\u00e9liorer la qualit\u00e9 du son.<\/p>\n<p>TISSU : noir<\/p>","protected":false},"excerpt":{"rendered":"<p>WS LiteCom Plus headset with built-in communications radio connecting to two or more headsets and\/or handheld devices.* Preprogrammed analogue communications radio (16 preprogrammed PMR channels in the 446MHz frequency band).* Bluetooth Multipoint function.* Waterproof microphone (IP68).* Level-dependent function (monitoring) allows you to hear ambient sounds.* Answer with a single touch using Push To Listen function.* [&hellip;]<\/p>\n","protected":false},"featured_media":601519,"template":"","meta":[],"product_brand":[],"product_cat":[9643,4209],"product_tag":[],"class_list":{"0":"post-601460","1":"product","2":"type-product","3":"status-publish","4":"has-post-thumbnail","6":"product_cat-equipment","7":"product_cat-zubehoer","8":"pa_brand-blaklaeder","9":"pa_brand-type-workwear","10":"pa_filter-color-schwarz","12":"first","13":"instock","14":"sale","15":"taxable","16":"shipping-taxable","17":"purchasable","18":"product-type-variable","19":"add-to-wishlist-before_image"},"exclude_global_add_ons":[],"addons":[],"acf":[],"_links":{"self":[{"href":"https:\/\/shop.kustom.ch\/fr\/wp-json\/wp\/v2\/product\/601460"}],"collection":[{"href":"https:\/\/shop.kustom.ch\/fr\/wp-json\/wp\/v2\/product"}],"about":[{"href":"https:\/\/shop.kustom.ch\/fr\/wp-json\/wp\/v2\/types\/product"}],"wp:featuredmedia":[{"embeddable":true,"href":"https:\/\/shop.kustom.ch\/fr\/wp-json\/wp\/v2\/media\/601519"}],"wp:attachment":[{"href":"https:\/\/shop.kustom.ch\/fr\/wp-json\/wp\/v2\/media?parent=601460"}],"wp:term":[{"taxonomy":"product_brand","embeddable":true,"href":"https:\/\/shop.kustom.ch\/fr\/wp-json\/wp\/v2\/product_brand?post=601460"},{"taxonomy":"product_cat","embeddable":true,"href":"https:\/\/shop.kustom.ch\/fr\/wp-json\/wp\/v2\/product_cat?post=601460"},{"taxonomy":"product_tag","embeddable":true,"href":"https:\/\/shop.kustom.ch\/fr\/wp-json\/wp\/v2\/product_tag?post=601460"}],"curies":[{"name":"wp","href":"https:\/\/api.w.org\/{rel}","templated":true}]}}